{"id":4743,"date":"2024-03-26T08:42:48","date_gmt":"2024-03-26T08:42:48","guid":{"rendered":"https:\/\/s-shaper.com\/product\/s-shaper-bonded-tummy-panel-shorts\/"},"modified":"2024-03-27T01:13:38","modified_gmt":"2024-03-27T01:13:38","slug":"s-shaper-bonded-tummy-panel-shorts","status":"publish","type":"product","link":"https:\/\/s-shaper.com\/de\/product\/s-shaper-bonded-tummy-panel-shorts\/","title":{"rendered":"S-SHAPER Bonded Tummy Panel Shorts"},"content":{"rendered":"<p><img decoding=\"async\" src=\"https:\/\/s-shaper.com\/wp-content\/uploads\/2024\/03\/S003.jpg\" width=\"750\" height=\"auto\" alt=\"\" title=\"\"><\/p>","protected":false},"excerpt":{"rendered":"<p>Diese Shorts wurden mit dem Gedanken an Funktionalit\u00e4t entworfen und verf\u00fcgen \u00fcber einen eingeklebten Baucheinsatz, der Ihre Mitte elegant modelliert und f\u00fcr eine umfassende Abdeckung und einen glatten, polierten Look sorgt.<\/p>","protected":false},"featured_media":4037,"comment_status":"open","ping_status":"closed","template":"","meta":{"_acf_changed":false},"product_brand":[],"product_cat":[54,61],"product_tag":[56],"class_list":{"0":"post-4743","1":"product","2":"type-product","3":"status-publish","4":"has-post-thumbnail","6":"product_cat-c-shape","7":"product_cat-tummy","8":"product_tag-panties","10":"first","11":"instock","12":"shipping-taxable","13":"purchasable","14":"product-type-simple"},"acf":[],"_links":{"self":[{"href":"https:\/\/s-shaper.com\/de\/wp-json\/wp\/v2\/product\/4743","targetHints":{"allow":["GET"]}}],"collection":[{"href":"https:\/\/s-shaper.com\/de\/wp-json\/wp\/v2\/product"}],"about":[{"href":"https:\/\/s-shaper.com\/de\/wp-json\/wp\/v2\/types\/product"}],"replies":[{"embeddable":true,"href":"https:\/\/s-shaper.com\/de\/wp-json\/wp\/v2\/comments?post=4743"}],"version-history":[{"count":6,"href":"https:\/\/s-shaper.com\/de\/wp-json\/wp\/v2\/product\/4743\/revisions"}],"predecessor-version":[{"id":5235,"href":"https:\/\/s-shaper.com\/de\/wp-json\/wp\/v2\/product\/4743\/revisions\/5235"}],"wp:featuredmedia":[{"embeddable":true,"href":"https:\/\/s-shaper.com\/de\/wp-json\/wp\/v2\/media\/4037"}],"wp:attachment":[{"href":"https:\/\/s-shaper.com\/de\/wp-json\/wp\/v2\/media?parent=4743"}],"wp:term":[{"taxonomy":"product_brand","embeddable":true,"href":"https:\/\/s-shaper.com\/de\/wp-json\/wp\/v2\/product_brand?post=4743"},{"taxonomy":"product_cat","embeddable":true,"href":"https:\/\/s-shaper.com\/de\/wp-json\/wp\/v2\/product_cat?post=4743"},{"taxonomy":"product_tag","embeddable":true,"href":"https:\/\/s-shaper.com\/de\/wp-json\/wp\/v2\/product_tag?post=4743"}],"curies":[{"name":"wp","href":"https:\/\/api.w.org\/{rel}","templated":true}]}}