{"id":4741,"date":"2024-03-26T08:42:47","date_gmt":"2024-03-26T08:42:47","guid":{"rendered":"https:\/\/s-shaper.com\/product\/s-shaper-hooks-flare-leggings\/"},"modified":"2024-03-27T01:13:37","modified_gmt":"2024-03-27T01:13:37","slug":"s-shaper-hooks-flare-leggings","status":"publish","type":"product","link":"https:\/\/s-shaper.com\/de\/product\/s-shaper-hooks-flare-leggings\/","title":{"rendered":"S-SHAPER Hooks Flare Leggings"},"content":{"rendered":"<p><img decoding=\"async\" src=\"https:\/\/s-shaper.com\/wp-content\/uploads\/2024\/03\/SKC112.jpg\" width=\"750\" height=\"auto\" alt=\"\" title=\"\"><\/p>","protected":false},"excerpt":{"rendered":"<p>Diese ausgestellten Leggings mit Hakendetails wurden f\u00fcr hervorragende Leistungen entwickelt und bieten umfassende Abdeckung und gezielte Formgebung, wobei sie Funktionalit\u00e4t mit modernem Stil f\u00fcr Ihre aktiven Aktivit\u00e4ten verbinden.<\/p>","protected":false},"featured_media":4020,"comment_status":"open","ping_status":"closed","template":"","meta":{"_acf_changed":false},"product_brand":[],"product_cat":[54,61],"product_tag":[62],"class_list":{"0":"post-4741","1":"product","2":"type-product","3":"status-publish","4":"has-post-thumbnail","6":"product_cat-c-shape","7":"product_cat-tummy","8":"product_tag-pants","10":"first","11":"instock","12":"shipping-taxable","13":"purchasable","14":"product-type-simple"},"acf":[],"_links":{"self":[{"href":"https:\/\/s-shaper.com\/de\/wp-json\/wp\/v2\/product\/4741","targetHints":{"allow":["GET"]}}],"collection":[{"href":"https:\/\/s-shaper.com\/de\/wp-json\/wp\/v2\/product"}],"about":[{"href":"https:\/\/s-shaper.com\/de\/wp-json\/wp\/v2\/types\/product"}],"replies":[{"embeddable":true,"href":"https:\/\/s-shaper.com\/de\/wp-json\/wp\/v2\/comments?post=4741"}],"version-history":[{"count":6,"href":"https:\/\/s-shaper.com\/de\/wp-json\/wp\/v2\/product\/4741\/revisions"}],"predecessor-version":[{"id":5233,"href":"https:\/\/s-shaper.com\/de\/wp-json\/wp\/v2\/product\/4741\/revisions\/5233"}],"wp:featuredmedia":[{"embeddable":true,"href":"https:\/\/s-shaper.com\/de\/wp-json\/wp\/v2\/media\/4020"}],"wp:attachment":[{"href":"https:\/\/s-shaper.com\/de\/wp-json\/wp\/v2\/media?parent=4741"}],"wp:term":[{"taxonomy":"product_brand","embeddable":true,"href":"https:\/\/s-shaper.com\/de\/wp-json\/wp\/v2\/product_brand?post=4741"},{"taxonomy":"product_cat","embeddable":true,"href":"https:\/\/s-shaper.com\/de\/wp-json\/wp\/v2\/product_cat?post=4741"},{"taxonomy":"product_tag","embeddable":true,"href":"https:\/\/s-shaper.com\/de\/wp-json\/wp\/v2\/product_tag?post=4741"}],"curies":[{"name":"wp","href":"https:\/\/api.w.org\/{rel}","templated":true}]}}