{"id":3578,"date":"2024-01-12T08:59:51","date_gmt":"2024-01-12T08:59:51","guid":{"rendered":"https:\/\/sshape.easyceotech.com\/product\/s-shaper-post-surgical-shapewear-postpartum-brief-girdle-with-high-back-bikini-length\/"},"modified":"2024-10-16T08:31:36","modified_gmt":"2024-10-16T08:31:36","slug":"s-shaper-post-surgical-shapewear-postpartum-brief-girdle-with-high-back-bikini-length","status":"publish","type":"product","link":"https:\/\/s-shaper.com\/de\/product\/s-shaper-post-surgical-shapewear-postpartum-brief-girdle-with-high-back-bikini-length\/","title":{"rendered":"Chirurgische Miederware Postpartum-Girdle mit hohem R\u00fccken - Bikini-L\u00e4nge"},"content":{"rendered":"<p><img decoding=\"async\" src=\"https:\/\/s-shaper.com\/wp-content\/uploads\/2024\/01\/SGS11.jpg\" alt=\"\" title=\"\"><\/p>","protected":false},"excerpt":{"rendered":"<p>Mit Pr\u00e4zision gefertigt bietet die Post-Operations-Shapewear optimale Unterst\u00fctzung f\u00fcr die Genesung nach der Operation, einen eleganten Konturierungseffekt, fokussierte Unterst\u00fctzung bis zum Slipbereich, die Funktionalit\u00e4t mit moderner \u00c4sthetik in Einklang bringt.<\/p>","protected":false},"featured_media":3483,"comment_status":"open","ping_status":"closed","template":"","meta":{"_acf_changed":false},"product_brand":[],"product_cat":[26,42],"product_tag":[40],"class_list":{"0":"post-3578","1":"product","2":"type-product","3":"status-publish","4":"has-post-thumbnail","6":"product_cat-air-shape","7":"product_cat-bikini-length","8":"product_tag-girdle","10":"first","11":"instock","12":"featured","13":"shipping-taxable","14":"purchasable","15":"product-type-simple"},"acf":[],"_links":{"self":[{"href":"https:\/\/s-shaper.com\/de\/wp-json\/wp\/v2\/product\/3578","targetHints":{"allow":["GET"]}}],"collection":[{"href":"https:\/\/s-shaper.com\/de\/wp-json\/wp\/v2\/product"}],"about":[{"href":"https:\/\/s-shaper.com\/de\/wp-json\/wp\/v2\/types\/product"}],"replies":[{"embeddable":true,"href":"https:\/\/s-shaper.com\/de\/wp-json\/wp\/v2\/comments?post=3578"}],"version-history":[{"count":5,"href":"https:\/\/s-shaper.com\/de\/wp-json\/wp\/v2\/product\/3578\/revisions"}],"predecessor-version":[{"id":5329,"href":"https:\/\/s-shaper.com\/de\/wp-json\/wp\/v2\/product\/3578\/revisions\/5329"}],"wp:featuredmedia":[{"embeddable":true,"href":"https:\/\/s-shaper.com\/de\/wp-json\/wp\/v2\/media\/3483"}],"wp:attachment":[{"href":"https:\/\/s-shaper.com\/de\/wp-json\/wp\/v2\/media?parent=3578"}],"wp:term":[{"taxonomy":"product_brand","embeddable":true,"href":"https:\/\/s-shaper.com\/de\/wp-json\/wp\/v2\/product_brand?post=3578"},{"taxonomy":"product_cat","embeddable":true,"href":"https:\/\/s-shaper.com\/de\/wp-json\/wp\/v2\/product_cat?post=3578"},{"taxonomy":"product_tag","embeddable":true,"href":"https:\/\/s-shaper.com\/de\/wp-json\/wp\/v2\/product_tag?post=3578"}],"curies":[{"name":"wp","href":"https:\/\/api.w.org\/{rel}","templated":true}]}}