{"id":3571,"date":"2024-01-12T08:59:49","date_gmt":"2024-01-12T08:59:49","guid":{"rendered":"https:\/\/sshape.easyceotech.com\/product\/s-shaper-post-surgical-shapewear-girdle-with-high-back-ankle-length\/"},"modified":"2024-03-27T01:22:28","modified_gmt":"2024-03-27T01:22:28","slug":"s-shaper-post-surgical-shapewear-girdle-with-high-back-ankle-length","status":"publish","type":"product","link":"https:\/\/s-shaper.com\/de\/product\/s-shaper-post-surgical-shapewear-girdle-with-high-back-ankle-length\/","title":{"rendered":"Postsurgicales Formw\u00e4schemieder mit hoher R\u00fcckenl\u00e4nge \u2013 Kn\u00f6chell\u00e4nge"},"content":{"rendered":"<p><img decoding=\"async\" src=\"https:\/\/s-shaper.com\/wp-content\/uploads\/2024\/01\/SGL13.jpg\" alt=\"\" title=\"\"><\/p>","protected":false},"excerpt":{"rendered":"<p>Die mit Pr\u00e4zision gefertigte Post-Surgical Shapewear bietet optimale Unterst\u00fctzung f\u00fcr die Genesung nach einem chirurgischen Eingriff, einen eleganten Konturierungseffekt, gezielte Unterst\u00fctzung bis in den Intimbereich und verbindet Funktionalit\u00e4t mit moderner \u00c4sthetik.<\/p>","protected":false},"featured_media":3337,"comment_status":"open","ping_status":"closed","template":"","meta":{"_acf_changed":false},"product_brand":[],"product_cat":[26,37],"product_tag":[40],"class_list":{"0":"post-3571","1":"product","2":"type-product","3":"status-publish","4":"has-post-thumbnail","6":"product_cat-air-shape","7":"product_cat-ankle-length","8":"product_tag-girdle","10":"first","11":"instock","12":"shipping-taxable","13":"purchasable","14":"product-type-simple"},"acf":[],"_links":{"self":[{"href":"https:\/\/s-shaper.com\/de\/wp-json\/wp\/v2\/product\/3571","targetHints":{"allow":["GET"]}}],"collection":[{"href":"https:\/\/s-shaper.com\/de\/wp-json\/wp\/v2\/product"}],"about":[{"href":"https:\/\/s-shaper.com\/de\/wp-json\/wp\/v2\/types\/product"}],"replies":[{"embeddable":true,"href":"https:\/\/s-shaper.com\/de\/wp-json\/wp\/v2\/comments?post=3571"}],"version-history":[{"count":3,"href":"https:\/\/s-shaper.com\/de\/wp-json\/wp\/v2\/product\/3571\/revisions"}],"predecessor-version":[{"id":5322,"href":"https:\/\/s-shaper.com\/de\/wp-json\/wp\/v2\/product\/3571\/revisions\/5322"}],"wp:featuredmedia":[{"embeddable":true,"href":"https:\/\/s-shaper.com\/de\/wp-json\/wp\/v2\/media\/3337"}],"wp:attachment":[{"href":"https:\/\/s-shaper.com\/de\/wp-json\/wp\/v2\/media?parent=3571"}],"wp:term":[{"taxonomy":"product_brand","embeddable":true,"href":"https:\/\/s-shaper.com\/de\/wp-json\/wp\/v2\/product_brand?post=3571"},{"taxonomy":"product_cat","embeddable":true,"href":"https:\/\/s-shaper.com\/de\/wp-json\/wp\/v2\/product_cat?post=3571"},{"taxonomy":"product_tag","embeddable":true,"href":"https:\/\/s-shaper.com\/de\/wp-json\/wp\/v2\/product_tag?post=3571"}],"curies":[{"name":"wp","href":"https:\/\/api.w.org\/{rel}","templated":true}]}}