{"id":3566,"date":"2024-01-12T08:59:48","date_gmt":"2024-01-12T08:59:48","guid":{"rendered":"https:\/\/sshape.easyceotech.com\/product\/s-shaper-post-surgical-shapewear-bodysuit-3-4-length-sleeves-short-length\/"},"modified":"2024-03-27T01:22:27","modified_gmt":"2024-03-27T01:22:27","slug":"s-shaper-post-surgical-shapewear-bodysuit-3-4-length-sleeves-short-length","status":"publish","type":"product","link":"https:\/\/s-shaper.com\/de\/product\/s-shaper-post-surgical-shapewear-bodysuit-3-4-length-sleeves-short-length\/","title":{"rendered":"Postoperativer Shapewear-Bodysuit mit 3\/4 langen \u00c4rmeln &#8211; kurze L\u00e4nge"},"content":{"rendered":"<p><img decoding=\"async\" src=\"https:\/\/s-shaper.com\/wp-content\/uploads\/2024\/01\/SGL12.jpg\" alt=\"\" title=\"\"><\/p>","protected":false},"excerpt":{"rendered":"<p>Die Post-Surgical Shapewear ist eine perfekte Mischung aus optimaler Unterst\u00fctzung f\u00fcr die Genesung nach einem chirurgischen Eingriff, einem eleganten Konturierungseffekt, gezielter Unterst\u00fctzung bis in den 3\/4-Bereich und einem Gleichgewicht zwischen Funktionalit\u00e4t und moderner \u00c4sthetik.<\/p>","protected":false},"featured_media":3348,"comment_status":"open","ping_status":"closed","template":"","meta":{"_acf_changed":false},"product_brand":[],"product_cat":[26,39],"product_tag":[36],"class_list":{"0":"post-3566","1":"product","2":"type-product","3":"status-publish","4":"has-post-thumbnail","6":"product_cat-air-shape","7":"product_cat-short-length","8":"product_tag-bodysuits","10":"first","11":"instock","12":"shipping-taxable","13":"purchasable","14":"product-type-simple"},"acf":[],"_links":{"self":[{"href":"https:\/\/s-shaper.com\/de\/wp-json\/wp\/v2\/product\/3566","targetHints":{"allow":["GET"]}}],"collection":[{"href":"https:\/\/s-shaper.com\/de\/wp-json\/wp\/v2\/product"}],"about":[{"href":"https:\/\/s-shaper.com\/de\/wp-json\/wp\/v2\/types\/product"}],"replies":[{"embeddable":true,"href":"https:\/\/s-shaper.com\/de\/wp-json\/wp\/v2\/comments?post=3566"}],"version-history":[{"count":3,"href":"https:\/\/s-shaper.com\/de\/wp-json\/wp\/v2\/product\/3566\/revisions"}],"predecessor-version":[{"id":5317,"href":"https:\/\/s-shaper.com\/de\/wp-json\/wp\/v2\/product\/3566\/revisions\/5317"}],"wp:featuredmedia":[{"embeddable":true,"href":"https:\/\/s-shaper.com\/de\/wp-json\/wp\/v2\/media\/3348"}],"wp:attachment":[{"href":"https:\/\/s-shaper.com\/de\/wp-json\/wp\/v2\/media?parent=3566"}],"wp:term":[{"taxonomy":"product_brand","embeddable":true,"href":"https:\/\/s-shaper.com\/de\/wp-json\/wp\/v2\/product_brand?post=3566"},{"taxonomy":"product_cat","embeddable":true,"href":"https:\/\/s-shaper.com\/de\/wp-json\/wp\/v2\/product_cat?post=3566"},{"taxonomy":"product_tag","embeddable":true,"href":"https:\/\/s-shaper.com\/de\/wp-json\/wp\/v2\/product_tag?post=3566"}],"curies":[{"name":"wp","href":"https:\/\/api.w.org\/{rel}","templated":true}]}}