{"id":3559,"date":"2024-01-12T08:59:47","date_gmt":"2024-01-12T08:59:47","guid":{"rendered":"https:\/\/sshape.easyceotech.com\/product\/s-shaper-post-surgical-shapewear-3-4-sleeve-length-vest\/"},"modified":"2024-03-27T01:22:25","modified_gmt":"2024-03-27T01:22:25","slug":"s-shaper-post-surgical-shapewear-3-4-sleeve-length-vest","status":"publish","type":"product","link":"https:\/\/s-shaper.com\/de\/product\/s-shaper-post-surgical-shapewear-3-4-sleeve-length-vest\/","title":{"rendered":"Postoperative St\u00fctzcorsage-Weste mit 3\/4 Arml\u00e4nge"},"content":{"rendered":"<p><img decoding=\"async\" src=\"https:\/\/s-shaper.com\/wp-content\/uploads\/2024\/01\/SGB36.jpg\" alt=\"\" title=\"\"><\/p>","protected":false},"excerpt":{"rendered":"<p>Die Post-Surgical Shapewear wurde f\u00fcr hervorragende Ergebnisse entwickelt und bietet optimale Unterst\u00fctzung bei der postoperativen Genesung. Ein elegantes, formendes Design sorgt f\u00fcr gezielte Unterst\u00fctzung bis hinauf zu den \u00c4rmeln und vereint dabei Funktionalit\u00e4t mit moderner \u00c4sthetik.<\/p>","protected":false},"featured_media":3446,"comment_status":"open","ping_status":"closed","template":"","meta":{"_acf_changed":false},"product_brand":[],"product_cat":[26,30],"product_tag":[34],"class_list":{"0":"post-3559","1":"product","2":"type-product","3":"status-publish","4":"has-post-thumbnail","6":"product_cat-air-shape","7":"product_cat-bra-tops","8":"product_tag-vestssleeves","10":"first","11":"instock","12":"featured","13":"shipping-taxable","14":"purchasable","15":"product-type-simple"},"acf":[],"_links":{"self":[{"href":"https:\/\/s-shaper.com\/de\/wp-json\/wp\/v2\/product\/3559","targetHints":{"allow":["GET"]}}],"collection":[{"href":"https:\/\/s-shaper.com\/de\/wp-json\/wp\/v2\/product"}],"about":[{"href":"https:\/\/s-shaper.com\/de\/wp-json\/wp\/v2\/types\/product"}],"replies":[{"embeddable":true,"href":"https:\/\/s-shaper.com\/de\/wp-json\/wp\/v2\/comments?post=3559"}],"version-history":[{"count":2,"href":"https:\/\/s-shaper.com\/de\/wp-json\/wp\/v2\/product\/3559\/revisions"}],"predecessor-version":[{"id":5310,"href":"https:\/\/s-shaper.com\/de\/wp-json\/wp\/v2\/product\/3559\/revisions\/5310"}],"wp:featuredmedia":[{"embeddable":true,"href":"https:\/\/s-shaper.com\/de\/wp-json\/wp\/v2\/media\/3446"}],"wp:attachment":[{"href":"https:\/\/s-shaper.com\/de\/wp-json\/wp\/v2\/media?parent=3559"}],"wp:term":[{"taxonomy":"product_brand","embeddable":true,"href":"https:\/\/s-shaper.com\/de\/wp-json\/wp\/v2\/product_brand?post=3559"},{"taxonomy":"product_cat","embeddable":true,"href":"https:\/\/s-shaper.com\/de\/wp-json\/wp\/v2\/product_cat?post=3559"},{"taxonomy":"product_tag","embeddable":true,"href":"https:\/\/s-shaper.com\/de\/wp-json\/wp\/v2\/product_tag?post=3559"}],"curies":[{"name":"wp","href":"https:\/\/api.w.org\/{rel}","templated":true}]}}