{"id":3555,"date":"2024-01-12T08:59:46","date_gmt":"2024-01-12T08:59:46","guid":{"rendered":"https:\/\/sshape.easyceotech.com\/product\/s-shaper-post-surgical-shapewear-coverage-face-mask-full-neck\/"},"modified":"2026-02-10T06:45:29","modified_gmt":"2026-02-10T06:45:29","slug":"s-shaper-post-surgical-shapewear-coverage-face-mask-full-neck","status":"publish","type":"product","link":"https:\/\/s-shaper.com\/de\/product\/s-shaper-post-surgical-shapewear-coverage-face-mask-full-neck\/","title":{"rendered":"Postoperative St\u00fctzkorsett-Ganzgesichtsmaske \u2013 kompletter Nacken"},"content":{"rendered":"<p><img fetchpriority=\"high\" decoding=\"async\" class=\"alignnone wp-image-8961 size-full\" src=\"https:\/\/s-shaper.com\/wp-content\/uploads\/2024\/01\/SGF05-Detail.jpg\" alt=\"\" width=\"750\" height=\"5444\" title=\"\" srcset=\"https:\/\/s-shaper.com\/wp-content\/uploads\/2024\/01\/SGF05-Detail.jpg 750w, https:\/\/s-shaper.com\/wp-content\/uploads\/2024\/01\/SGF05-Detail-282x2048.jpg 282w, https:\/\/s-shaper.com\/wp-content\/uploads\/2024\/01\/SGF05-Detail-600x4355.jpg 600w\" sizes=\"(max-width: 750px) 100vw, 750px\" \/><\/p>","protected":false},"excerpt":{"rendered":"<p>Das postoperative Shapewear ist auf hervorragende Qualit\u00e4t ausgelegt und bietet optimalen Schutz f\u00fcr die Genesung nach Operationen, eine elegante konturierende Wirkung, umfassende Bedeckung f\u00fcr ein glattes, adrettes Aussehen und kombiniert Zweckm\u00e4\u00dfigkeit mit moderner \u00c4sthetik.<\/p>","protected":false},"featured_media":3425,"comment_status":"open","ping_status":"closed","template":"","meta":{"_acf_changed":false},"product_brand":[],"product_cat":[26,31],"product_tag":[32],"class_list":{"0":"post-3555","1":"product","2":"type-product","3":"status-publish","4":"has-post-thumbnail","6":"product_cat-air-shape","7":"product_cat-face","8":"product_tag-face-mask","10":"first","11":"instock","12":"featured","13":"shipping-taxable","14":"purchasable","15":"product-type-simple"},"acf":[],"_links":{"self":[{"href":"https:\/\/s-shaper.com\/de\/wp-json\/wp\/v2\/product\/3555","targetHints":{"allow":["GET"]}}],"collection":[{"href":"https:\/\/s-shaper.com\/de\/wp-json\/wp\/v2\/product"}],"about":[{"href":"https:\/\/s-shaper.com\/de\/wp-json\/wp\/v2\/types\/product"}],"replies":[{"embeddable":true,"href":"https:\/\/s-shaper.com\/de\/wp-json\/wp\/v2\/comments?post=3555"}],"version-history":[{"count":5,"href":"https:\/\/s-shaper.com\/de\/wp-json\/wp\/v2\/product\/3555\/revisions"}],"predecessor-version":[{"id":8962,"href":"https:\/\/s-shaper.com\/de\/wp-json\/wp\/v2\/product\/3555\/revisions\/8962"}],"wp:featuredmedia":[{"embeddable":true,"href":"https:\/\/s-shaper.com\/de\/wp-json\/wp\/v2\/media\/3425"}],"wp:attachment":[{"href":"https:\/\/s-shaper.com\/de\/wp-json\/wp\/v2\/media?parent=3555"}],"wp:term":[{"taxonomy":"product_brand","embeddable":true,"href":"https:\/\/s-shaper.com\/de\/wp-json\/wp\/v2\/product_brand?post=3555"},{"taxonomy":"product_cat","embeddable":true,"href":"https:\/\/s-shaper.com\/de\/wp-json\/wp\/v2\/product_cat?post=3555"},{"taxonomy":"product_tag","embeddable":true,"href":"https:\/\/s-shaper.com\/de\/wp-json\/wp\/v2\/product_tag?post=3555"}],"curies":[{"name":"wp","href":"https:\/\/api.w.org\/{rel}","templated":true}]}}