{"id":6385,"date":"2025-05-22T03:48:42","date_gmt":"2025-05-22T03:48:42","guid":{"rendered":"https:\/\/s-shaper.com\/?page_id=6385"},"modified":"2025-05-22T03:50:36","modified_gmt":"2025-05-22T03:50:36","slug":"sustainability-ethical-manufacturing","status":"publish","type":"page","link":"https:\/\/s-shaper.com\/de\/sustainability-ethical-manufacturing\/","title":{"rendered":"Nachhaltigkeit &amp; Ethische Fertigung"},"content":{"rendered":"<div data-elementor-type=\"wp-page\" data-elementor-id=\"6385\" class=\"elementor elementor-6385\" data-elementor-post-type=\"page\">\n\t\t\t\t<div class=\"elementor-element elementor-element-70b89e2 e-flex e-con-boxed e-con e-parent\" data-id=\"70b89e2\" data-element_type=\"container\" data-e-type=\"container\" data-settings=\"{&quot;background_background&quot;:&quot;classic&quot;}\">\n\t\t\t\t\t<div class=\"e-con-inner\">\n\t\t\t\t<div class=\"elementor-element elementor-element-d00129d elementor-widget elementor-widget-heading\" data-id=\"d00129d\" data-element_type=\"widget\" data-e-type=\"widget\" data-widget_type=\"heading.default\">\n\t\t\t\t<div class=\"elementor-widget-container\">\n\t\t\t\t\t<h1 class=\"elementor-heading-title elementor-size-default\">Nachhaltigkeit &amp; Ethische Fertigung<\/h1>\t\t\t\t<\/div>\n\t\t\t\t<\/div>\n\t\t\t\t\t<\/div>\n\t\t\t\t<\/div>\n\t\t<div class=\"elementor-element elementor-element-ad5476f e-flex e-con-boxed e-con e-parent\" data-id=\"ad5476f\" data-element_type=\"container\" data-e-type=\"container\">\n\t\t\t\t\t<div class=\"e-con-inner\">\n\t\t<div class=\"elementor-element elementor-element-fe820b3 e-con-full e-flex e-con e-child\" data-id=\"fe820b3\" data-element_type=\"container\" data-e-type=\"container\">\n\t\t\t\t<div class=\"elementor-element elementor-element-a1a577e elementor-widget elementor-widget-image\" data-id=\"a1a577e\" data-element_type=\"widget\" data-e-type=\"widget\" data-widget_type=\"image.default\">\n\t\t\t\t<div class=\"elementor-widget-container\">\n\t\t\t\t\t\t\t\t\t\t\t\t\t\t\t<img fetchpriority=\"high\" decoding=\"async\" width=\"1000\" height=\"1000\" src=\"https:\/\/s-shaper.com\/wp-content\/uploads\/2024\/03\/O03003-6.jpg\" class=\"attachment-large size-large wp-image-4647\" alt=\"\" srcset=\"https:\/\/s-shaper.com\/wp-content\/uploads\/2024\/03\/O03003-6.jpg 1000w, https:\/\/s-shaper.com\/wp-content\/uploads\/2024\/03\/O03003-6-300x300.jpg 300w, https:\/\/s-shaper.com\/wp-content\/uploads\/2024\/03\/O03003-6-80x80.jpg 80w, https:\/\/s-shaper.com\/wp-content\/uploads\/2024\/03\/O03003-6-768x768.jpg 768w, https:\/\/s-shaper.com\/wp-content\/uploads\/2024\/03\/O03003-6-600x600.jpg 600w, https:\/\/s-shaper.com\/wp-content\/uploads\/2024\/03\/O03003-6-100x100.jpg 100w\" sizes=\"(max-width: 1000px) 100vw, 1000px\" title=\"\">\t\t\t\t\t\t\t\t\t\t\t\t\t\t\t<\/div>\n\t\t\t\t<\/div>\n\t\t\t\t<\/div>\n\t\t<div class=\"elementor-element elementor-element-1634069 e-con-full e-flex e-con e-child\" data-id=\"1634069\" data-element_type=\"container\" data-e-type=\"container\">\n\t\t\t\t<div class=\"elementor-element elementor-element-ffbc729 elementor-widget elementor-widget-heading\" data-id=\"ffbc729\" data-element_type=\"widget\" data-e-type=\"widget\" data-widget_type=\"heading.default\">\n\t\t\t\t<div class=\"elementor-widget-container\">\n\t\t\t\t\t<h2 class=\"elementor-heading-title elementor-size-default\">Pionierarbeit f\u00fcr die Zukunft der Shapewear mit Spitzentechnologie<\/h2>\t\t\t\t<\/div>\n\t\t\t\t<\/div>\n\t\t\t\t<div class=\"elementor-element elementor-element-67887d1 elementor-widget elementor-widget-text-editor\" data-id=\"67887d1\" data-element_type=\"widget\" data-e-type=\"widget\" data-widget_type=\"text-editor.default\">\n\t\t\t\t<div class=\"elementor-widget-container\">\n\t\t\t\t\t\t\t\t\t<p>Wir bei S-SHAPER glauben, dass Innovation der Schl\u00fcssel zum Erfolg ist. Unser engagiertes F&amp;E-Team und unsere fortschrittlichen Fertigungsverfahren erm\u00f6glichen es uns, leistungsstarke Shapewear-L\u00f6sungen zu entwickeln, die Komfort, Funktion und \u00c4sthetik vereinen.<\/p><p>\u00a0Unser Engagement f\u00fcr Nachhaltigkeit umfasst:<br \/>\u2705\u00a0Umweltfreundliche<br \/>\u2705\u00a0Wasser- &amp; Energieeinsparung\u00a0\u2013 Reduzierung des Wasserverbrauchs um\u00a070\u00a0%\u00a0in F\u00e4rbeprozessen<br \/>\u2705\u00a0Zero-Waste-Produktion\u00a0\u2013 Optimierung der Stoffausnutzung zur\u00a0Reduzierung von M\u00fclldeponieabf\u00e4llen<br \/>\u2705\u00a0Ethische &amp; transparente Lieferkette\u00a0\u2013 Faire L\u00f6hne, sichere Arbeitsbedingungen und Einhaltung globaler Arbeitsstandards<\/p><p>\u00a0Arbeiten Sie mit einem Hersteller zusammen, der Nachhaltigkeit genauso sch\u00e4tzt wie Sie.<\/p>\t\t\t\t\t\t\t\t<\/div>\n\t\t\t\t<\/div>\n\t\t\t\t<div class=\"elementor-element elementor-element-a734c42 elementor-widget elementor-widget-button\" data-id=\"a734c42\" data-element_type=\"widget\" data-e-type=\"widget\" data-widget_type=\"button.default\">\n\t\t\t\t<div class=\"elementor-widget-container\">\n\t\t\t\t\t\t\t\t\t<div class=\"elementor-button-wrapper\">\n\t\t\t\t\t<a class=\"elementor-button elementor-button-link elementor-size-sm\" href=\"https:\/\/s-shaper.com\/de\/contact-us\/\">\n\t\t\t\t\t\t<span class=\"elementor-button-content-wrapper\">\n\t\t\t\t\t\t\t\t\t<span class=\"elementor-button-text\">KONTAKT \u2192<\/span>\n\t\t\t\t\t<\/span>\n\t\t\t\t\t<\/a>\n\t\t\t\t<\/div>\n\t\t\t\t\t\t\t\t<\/div>\n\t\t\t\t<\/div>\n\t\t\t\t<\/div>\n\t\t\t\t\t<\/div>\n\t\t\t\t<\/div>\n\t\t<div class=\"elementor-element elementor-element-04b2e9e e-flex e-con-boxed e-con e-parent\" data-id=\"04b2e9e\" data-element_type=\"container\" data-e-type=\"container\">\n\t\t\t\t\t<div class=\"e-con-inner\">\n\t\t<div class=\"elementor-element elementor-element-d2c6524 e-con-full e-flex e-con e-child\" data-id=\"d2c6524\" data-element_type=\"container\" data-e-type=\"container\">\n\t\t\t\t<div class=\"elementor-element elementor-element-8b78c2e elementor-widget elementor-widget-heading\" data-id=\"8b78c2e\" data-element_type=\"widget\" data-e-type=\"widget\" data-widget_type=\"heading.default\">\n\t\t\t\t<div class=\"elementor-widget-container\">\n\t\t\t\t\t<h2 class=\"elementor-heading-title elementor-size-default\">Umweltfreundliche Stoffe und Materialien<\/h2>\t\t\t\t<\/div>\n\t\t\t\t<\/div>\n\t\t\t\t<div class=\"elementor-element elementor-element-0851bea elementor-widget elementor-widget-text-editor\" data-id=\"0851bea\" data-element_type=\"widget\" data-e-type=\"widget\" data-widget_type=\"text-editor.default\">\n\t\t\t\t<div class=\"elementor-widget-container\">\n\t\t\t\t\t\t\t\t\t<p>Wir priorisieren leistungsstarke, nachhaltige Stoffe, die Komfort, Haltbarkeit und ethische Beschaffung bieten.<\/p><p>\ud83d\udd39 Unsere nachhaltigen Stoffinnovationen umfassen:<br \/>\u2714 Recyceltes Nylon &amp; Polyester (GRS-zertifiziert) \u2013 Hergestellt aus Kunststoffabf\u00e4llen nach dem Verbraucher<br \/>\u2714 Bio-Baumwoll- &amp; Bambusmischungen \u2013 Nat\u00fcrlich atmungsaktiv &amp; biologisch abbaubar<br \/>\u2714 Biologisch abbaubares Elasthan \u2013 Zersetzt sich 50\u00a0% schneller als herk\u00f6mmliche Kunstfasern<br \/>\u2714 Wasserlose F\u00e4rbetechnologie \u2013 Reduziert Chemikalienabf\u00e4lle und Wasserverbrauch<\/p><p>\ud83d\udcca Ergebnisse:<br \/>\u2714 50\u00a0% Reduzierung des CO\u2082-Fu\u00dfabdrucks im Vergleich zu herk\u00f6mmlichen Stoffen<br \/>\u2714 Zertifiziert nach OEKO-TEX\u00ae &amp; Global Recycled Standard (GRS)<br \/>\u2714 Steigende Nachfrage nach umweltfreundlicher Shapewear von globalen Einzelh\u00e4ndlern<\/p>\t\t\t\t\t\t\t\t<\/div>\n\t\t\t\t<\/div>\n\t\t\t\t<\/div>\n\t\t<div class=\"elementor-element elementor-element-df0f4bc e-con-full e-flex e-con e-child\" data-id=\"df0f4bc\" data-element_type=\"container\" data-e-type=\"container\">\n\t\t\t\t<div class=\"elementor-element elementor-element-28ba23e elementor-widget elementor-widget-image\" data-id=\"28ba23e\" data-element_type=\"widget\" data-e-type=\"widget\" data-widget_type=\"image.default\">\n\t\t\t\t<div class=\"elementor-widget-container\">\n\t\t\t\t\t\t\t\t\t\t\t\t\t\t\t<img decoding=\"async\" width=\"1000\" height=\"650\" src=\"https:\/\/s-shaper.com\/wp-content\/uploads\/2025\/05\/2151158848.jpg\" class=\"attachment-large size-large wp-image-6389\" alt=\"\" srcset=\"https:\/\/s-shaper.com\/wp-content\/uploads\/2025\/05\/2151158848.jpg 1000w, https:\/\/s-shaper.com\/wp-content\/uploads\/2025\/05\/2151158848-300x195.jpg 300w, https:\/\/s-shaper.com\/wp-content\/uploads\/2025\/05\/2151158848-768x499.jpg 768w, https:\/\/s-shaper.com\/wp-content\/uploads\/2025\/05\/2151158848-18x12.jpg 18w, https:\/\/s-shaper.com\/wp-content\/uploads\/2025\/05\/2151158848-600x390.jpg 600w\" sizes=\"(max-width: 1000px) 100vw, 1000px\" title=\"\">\t\t\t\t\t\t\t\t\t\t\t\t\t\t\t<\/div>\n\t\t\t\t<\/div>\n\t\t\t\t<\/div>\n\t\t\t\t\t<\/div>\n\t\t\t\t<\/div>\n\t\t<div class=\"elementor-element elementor-element-e995259 e-flex e-con-boxed e-con e-parent\" data-id=\"e995259\" data-element_type=\"container\" data-e-type=\"container\">\n\t\t\t\t\t<div class=\"e-con-inner\">\n\t\t<div class=\"elementor-element elementor-element-ff84feb e-con-full e-flex e-con e-child\" data-id=\"ff84feb\" data-element_type=\"container\" data-e-type=\"container\">\n\t\t\t\t<div class=\"elementor-element elementor-element-7caf44d elementor-widget elementor-widget-image\" data-id=\"7caf44d\" data-element_type=\"widget\" data-e-type=\"widget\" data-widget_type=\"image.default\">\n\t\t\t\t<div class=\"elementor-widget-container\">\n\t\t\t\t\t\t\t\t\t\t\t\t\t\t\t<img decoding=\"async\" width=\"1000\" height=\"650\" src=\"https:\/\/s-shaper.com\/wp-content\/uploads\/2025\/05\/15849.jpg\" class=\"attachment-large size-large wp-image-6391\" alt=\"\" srcset=\"https:\/\/s-shaper.com\/wp-content\/uploads\/2025\/05\/15849.jpg 1000w, https:\/\/s-shaper.com\/wp-content\/uploads\/2025\/05\/15849-300x195.jpg 300w, https:\/\/s-shaper.com\/wp-content\/uploads\/2025\/05\/15849-768x499.jpg 768w, https:\/\/s-shaper.com\/wp-content\/uploads\/2025\/05\/15849-18x12.jpg 18w, https:\/\/s-shaper.com\/wp-content\/uploads\/2025\/05\/15849-600x390.jpg 600w\" sizes=\"(max-width: 1000px) 100vw, 1000px\" title=\"\">\t\t\t\t\t\t\t\t\t\t\t\t\t\t\t<\/div>\n\t\t\t\t<\/div>\n\t\t\t\t<\/div>\n\t\t<div class=\"elementor-element elementor-element-9aa11e3 e-con-full e-flex e-con e-child\" data-id=\"9aa11e3\" data-element_type=\"container\" data-e-type=\"container\">\n\t\t\t\t<div class=\"elementor-element elementor-element-94564ae elementor-widget elementor-widget-heading\" data-id=\"94564ae\" data-element_type=\"widget\" data-e-type=\"widget\" data-widget_type=\"heading.default\">\n\t\t\t\t<div class=\"elementor-widget-container\">\n\t\t\t\t\t<h2 class=\"elementor-heading-title elementor-size-default\">Reduzierung der Umweltbelastung durch intelligente Fertigung<\/h2>\t\t\t\t<\/div>\n\t\t\t\t<\/div>\n\t\t\t\t<div class=\"elementor-element elementor-element-3eddfe6 elementor-widget elementor-widget-text-editor\" data-id=\"3eddfe6\" data-element_type=\"widget\" data-e-type=\"widget\" data-widget_type=\"text-editor.default\">\n\t\t\t\t<div class=\"elementor-widget-container\">\n\t\t\t\t\t\t\t\t\t<p>Die traditionelle Textilherstellung ist ressourcenintensiv und verbraucht enorme Mengen an Wasser und Energie. Bei S-SHAPER setzen wir intelligente, energieeffiziente Prozesse ein, um unseren Fu\u00dfabdruck zu minimieren.<\/p><p>\ud83c\udf31 Unsere Initiativen zur Ressourcenschonung:<br \/>\ud83d\udeb0 Wasserloses F\u00e4rbeverfahren \u2013 Spart bis zu 70\u00a0% Wasser im Stofff\u00e4rbeprozess<br \/>\u26a1 Solarbetriebene Produktionsst\u00e4tten \u2013 Nutzung erneuerbarer Energiequellen<br \/>\u267b Geschlossener Wasserkreislauf \u2013 Reduzierung der industriellen Abwassereinleitung um 60\u00a0%<br \/>\ud83d\udd04 Energieeffiziente Maschinen \u2013 30\u00a0% geringerer Stromverbrauch als bei der herk\u00f6mmlichen Herstellung<\/p><p>\ud83d\udcca Auswirkungen:<br \/>\u2714 3\u00a0Mio.\u00a0Liter Wasser j\u00e4hrlich eingespart<br \/>\u2714 CO\u2082-Emissionen pro Produktionszyklus um 50\u00a0% reduziert<br \/>\u2714 ISO\u00a014001-zertifiziert f\u00fcr Umweltmanagement<\/p>\t\t\t\t\t\t\t\t<\/div>\n\t\t\t\t<\/div>\n\t\t\t\t<\/div>\n\t\t\t\t\t<\/div>\n\t\t\t\t<\/div>\n\t\t<div class=\"elementor-element elementor-element-a1bc123 e-flex e-con-boxed e-con e-parent\" data-id=\"a1bc123\" data-element_type=\"container\" data-e-type=\"container\">\n\t\t\t\t\t<div class=\"e-con-inner\">\n\t\t<div class=\"elementor-element elementor-element-a7ad885 e-con-full e-flex e-con e-child\" data-id=\"a7ad885\" data-element_type=\"container\" data-e-type=\"container\">\n\t\t\t\t<div class=\"elementor-element elementor-element-9cc5673 elementor-widget elementor-widget-heading\" data-id=\"9cc5673\" data-element_type=\"widget\" data-e-type=\"widget\" data-widget_type=\"heading.default\">\n\t\t\t\t<div class=\"elementor-widget-container\">\n\t\t\t\t\t<h2 class=\"elementor-heading-title elementor-size-default\">Maximierung der Effizienz, Minimierung von Abf\u00e4llen<\/h2>\t\t\t\t<\/div>\n\t\t\t\t<\/div>\n\t\t\t\t<div class=\"elementor-element elementor-element-3825e60 elementor-widget elementor-widget-text-editor\" data-id=\"3825e60\" data-element_type=\"widget\" data-e-type=\"widget\" data-widget_type=\"text-editor.default\">\n\t\t\t\t<div class=\"elementor-widget-container\">\n\t\t\t\t\t\t\t\t\t<p>Wir haben eine Zero-Waste-Produktionsstrategie eingef\u00fchrt, um sicherzustellen, dass die Stoffausnutzung optimiert und Produktionsabf\u00e4lle wiederverwendet werden.<\/p><p>\ud83d\udd39 So reduzieren wir Abfall:<br \/>\u2714 Digitaler Zuschnitt \u2013 Erh\u00f6ht die Stoffeffizienz um 30\u00a0%<br \/>\u2714 Recycling von Stoffresten \u2013 Wiederverwendung f\u00fcr Isolierung, M\u00f6belpolsterung und Zubeh\u00f6r<br \/>\u2714 Initiative f\u00fcr minimale Verpackung \u2013 Verwendung von biologisch abbaubaren, recycelbaren Verpackungen<br \/>\u2714 Just-in-Time-Produktion \u2013 Reduzierung von \u00dcberproduktion und \u00fcbersch\u00fcssigen Lagerbest\u00e4nden<\/p><p>\ud83d\udcca Ergebnisse:<br \/>\u2714 95\u00a0% Materialausnutzungseffizienz in der Produktion<br \/>\u2714 Reduzierung von Einwegkunststoffen in der Verpackung um 80\u00a0%<br \/>\u2714 Reduzierung der M\u00fclldeponieabf\u00e4lle um 40\u00a0% in den letzten 3\u00a0Jahren<\/p>\t\t\t\t\t\t\t\t<\/div>\n\t\t\t\t<\/div>\n\t\t\t\t<\/div>\n\t\t<div class=\"elementor-element elementor-element-8c47565 e-con-full e-flex e-con e-child\" data-id=\"8c47565\" data-element_type=\"container\" data-e-type=\"container\">\n\t\t\t\t<div class=\"elementor-element elementor-element-b66e000 elementor-widget elementor-widget-image\" data-id=\"b66e000\" data-element_type=\"widget\" data-e-type=\"widget\" data-widget_type=\"image.default\">\n\t\t\t\t<div class=\"elementor-widget-container\">\n\t\t\t\t\t\t\t\t\t\t\t\t\t\t\t<img loading=\"lazy\" decoding=\"async\" width=\"1000\" height=\"650\" src=\"https:\/\/s-shaper.com\/wp-content\/uploads\/2025\/05\/2148754133.jpg\" class=\"attachment-large size-large wp-image-6390\" alt=\"\" srcset=\"https:\/\/s-shaper.com\/wp-content\/uploads\/2025\/05\/2148754133.jpg 1000w, https:\/\/s-shaper.com\/wp-content\/uploads\/2025\/05\/2148754133-300x195.jpg 300w, https:\/\/s-shaper.com\/wp-content\/uploads\/2025\/05\/2148754133-768x499.jpg 768w, https:\/\/s-shaper.com\/wp-content\/uploads\/2025\/05\/2148754133-18x12.jpg 18w, https:\/\/s-shaper.com\/wp-content\/uploads\/2025\/05\/2148754133-600x390.jpg 600w\" sizes=\"(max-width: 1000px) 100vw, 1000px\" title=\"\">\t\t\t\t\t\t\t\t\t\t\t\t\t\t\t<\/div>\n\t\t\t\t<\/div>\n\t\t\t\t<\/div>\n\t\t\t\t\t<\/div>\n\t\t\t\t<\/div>\n\t\t<div class=\"elementor-element elementor-element-df55658 e-flex e-con-boxed e-con e-parent\" data-id=\"df55658\" data-element_type=\"container\" data-e-type=\"container\">\n\t\t\t\t\t<div class=\"e-con-inner\">\n\t\t<div class=\"elementor-element elementor-element-9951d1d e-con-full e-flex e-con e-child\" data-id=\"9951d1d\" data-element_type=\"container\" data-e-type=\"container\">\n\t\t\t\t<div class=\"elementor-element elementor-element-0159568 elementor-widget elementor-widget-image\" data-id=\"0159568\" data-element_type=\"widget\" data-e-type=\"widget\" data-widget_type=\"image.default\">\n\t\t\t\t<div class=\"elementor-widget-container\">\n\t\t\t\t\t\t\t\t\t\t\t\t\t\t\t<img loading=\"lazy\" decoding=\"async\" width=\"1000\" height=\"650\" src=\"https:\/\/s-shaper.com\/wp-content\/uploads\/2025\/05\/people-meeting-community-center.jpg\" class=\"attachment-large size-large wp-image-6392\" alt=\"\" srcset=\"https:\/\/s-shaper.com\/wp-content\/uploads\/2025\/05\/people-meeting-community-center.jpg 1000w, https:\/\/s-shaper.com\/wp-content\/uploads\/2025\/05\/people-meeting-community-center-300x195.jpg 300w, https:\/\/s-shaper.com\/wp-content\/uploads\/2025\/05\/people-meeting-community-center-768x499.jpg 768w, https:\/\/s-shaper.com\/wp-content\/uploads\/2025\/05\/people-meeting-community-center-18x12.jpg 18w, https:\/\/s-shaper.com\/wp-content\/uploads\/2025\/05\/people-meeting-community-center-600x390.jpg 600w\" sizes=\"(max-width: 1000px) 100vw, 1000px\" title=\"\">\t\t\t\t\t\t\t\t\t\t\t\t\t\t\t<\/div>\n\t\t\t\t<\/div>\n\t\t\t\t<\/div>\n\t\t<div class=\"elementor-element elementor-element-0249053 e-con-full e-flex e-con e-child\" data-id=\"0249053\" data-element_type=\"container\" data-e-type=\"container\">\n\t\t\t\t<div class=\"elementor-element elementor-element-d58631a elementor-widget elementor-widget-heading\" data-id=\"d58631a\" data-element_type=\"widget\" data-e-type=\"widget\" data-widget_type=\"heading.default\">\n\t\t\t\t<div class=\"elementor-widget-container\">\n\t\t\t\t\t<h2 class=\"elementor-heading-title elementor-size-default\">Faire Arbeitsbedingungen, ethische Beschaffung und soziale Verantwortung<\/h2>\t\t\t\t<\/div>\n\t\t\t\t<\/div>\n\t\t\t\t<div class=\"elementor-element elementor-element-fdce665 elementor-widget elementor-widget-text-editor\" data-id=\"fdce665\" data-element_type=\"widget\" data-e-type=\"widget\" data-widget_type=\"text-editor.default\">\n\t\t\t\t<div class=\"elementor-widget-container\">\n\t\t\t\t\t\t\t\t\t<p>Nachhaltigkeit bedeutet nicht nur Materialien, sondern auch Menschen. Wir setzen uns f\u00fcr ethische Arbeitspraktiken, faire L\u00f6hne und sichere Arbeitsbedingungen in unserer gesamten Lieferkette ein.<\/p><p>\ud83d\udd39 Unsere ethischen Fertigungsstandards umfassen:<br \/>\u2714 Faire L\u00f6hne &amp; sichere Arbeitsbedingungen \u2013 Einhaltung der ILO-Arbeitsstandards<br \/>\u2714 Keine Kinderarbeit oder Zwangsarbeit \u2013 Strikte Einhaltung der globalen Menschenrechtsrichtlinien<br \/>\u2714 Von Dritten gepr\u00fcfte Fabriken \u2013 Verifiziert durch Sedex- &amp; BSCI-Zertifizierungen<br \/>\u2714 Transparenz der Lieferkette \u2013 Vollst\u00e4ndige R\u00fcckverfolgbarkeit der Materialien &amp; ethische Beschaffungspraktiken<\/p><p>\ud83d\udcca Auswirkungen:<br \/>\u2714 100\u00a0% unserer Mitarbeiter erhalten faire L\u00f6hne &amp; Sozialleistungen<br \/>\u2714 Zertifiziert nach BSCI (Business Social Compliance Initiative)<br \/>\u2714 Vertraut von \u00fcber 100\u00a0internationalen Marken f\u00fcr ethische Produktion<\/p>\t\t\t\t\t\t\t\t<\/div>\n\t\t\t\t<\/div>\n\t\t\t\t<\/div>\n\t\t\t\t\t<\/div>\n\t\t\t\t<\/div>\n\t\t<div class=\"elementor-element elementor-element-fad7156 e-flex e-con-boxed e-con e-parent\" data-id=\"fad7156\" data-element_type=\"container\" data-e-type=\"container\">\n\t\t\t\t\t<div class=\"e-con-inner\">\n\t\t<div class=\"elementor-element elementor-element-5f76522 e-con-full e-flex e-con e-child\" data-id=\"5f76522\" data-element_type=\"container\" data-e-type=\"container\">\n\t\t\t\t<div class=\"elementor-element elementor-element-f18c88a elementor-widget elementor-widget-heading\" data-id=\"f18c88a\" data-element_type=\"widget\" data-e-type=\"widget\" data-widget_type=\"heading.default\">\n\t\t\t\t<div class=\"elementor-widget-container\">\n\t\t\t\t\t<h2 class=\"elementor-heading-title elementor-size-default\">Erf\u00fcllung globaler Nachhaltigkeits- und Ethikstandards<\/h2>\t\t\t\t<\/div>\n\t\t\t\t<\/div>\n\t\t\t\t<div class=\"elementor-element elementor-element-87be7e5 elementor-widget elementor-widget-text-editor\" data-id=\"87be7e5\" data-element_type=\"widget\" data-e-type=\"widget\" data-widget_type=\"text-editor.default\">\n\t\t\t\t<div class=\"elementor-widget-container\">\n\t\t\t\t\t\t\t\t\t<p>Bei S-SHAPER halten wir uns an die h\u00f6chsten Branchenzertifizierungen, um sicherzustellen, dass unsere Produkte globale Nachhaltigkeits- und ethische Fertigungsstandards erf\u00fcllen.<\/p><p>\ud83c\udf31 Unsere Zertifizierungen umfassen:<br \/>\u2705 OEKO-TEX\u00ae Standard\u00a0100 \u2013 Sichere, ungiftige Textilien<br \/>\u2705 Global Recycled Standard (GRS) \u2013 Zertifizierte Recyclingmaterialien<br \/>\u2705 ISO\u00a014001 \u2013 Zertifizierung f\u00fcr Umweltmanagement<br \/>\u2705 BSCI &amp; Sedex \u2013 Ethische Arbeit und Einhaltung des fairen Handels<br \/>\u2705 GOTS (Global Organic Textile Standard) \u2013 Zertifizierte Bio-Baumwolle<\/p><p>\ud83d\udcca Warum das wichtig ist:<br \/>\u2714 Erh\u00f6ht das Markenvertrauen &amp; die Glaubw\u00fcrdigkeit<br \/>\u2714 Gew\u00e4hrleistet die Einhaltung gesetzlicher Vorschriften f\u00fcr globale M\u00e4rkte<br \/>\u2714 Erf\u00fcllt die wachsende Verbrauchernachfrage nach ethischer Mode<\/p>\t\t\t\t\t\t\t\t<\/div>\n\t\t\t\t<\/div>\n\t\t\t\t<\/div>\n\t\t<div class=\"elementor-element elementor-element-67ecdc2 e-con-full e-flex e-con e-child\" data-id=\"67ecdc2\" data-element_type=\"container\" data-e-type=\"container\">\n\t\t\t\t<div class=\"elementor-element elementor-element-0d227bd elementor-widget elementor-widget-image\" data-id=\"0d227bd\" data-element_type=\"widget\" data-e-type=\"widget\" data-widget_type=\"image.default\">\n\t\t\t\t<div class=\"elementor-widget-container\">\n\t\t\t\t\t\t\t\t\t\t\t\t\t\t\t<img loading=\"lazy\" decoding=\"async\" width=\"1000\" height=\"650\" src=\"https:\/\/s-shaper.com\/wp-content\/uploads\/2025\/05\/hand-presenting-earth-sustainable-environment-remix.jpg\" class=\"attachment-large size-large wp-image-6393\" alt=\"\" srcset=\"https:\/\/s-shaper.com\/wp-content\/uploads\/2025\/05\/hand-presenting-earth-sustainable-environment-remix.jpg 1000w, https:\/\/s-shaper.com\/wp-content\/uploads\/2025\/05\/hand-presenting-earth-sustainable-environment-remix-300x195.jpg 300w, https:\/\/s-shaper.com\/wp-content\/uploads\/2025\/05\/hand-presenting-earth-sustainable-environment-remix-768x499.jpg 768w, https:\/\/s-shaper.com\/wp-content\/uploads\/2025\/05\/hand-presenting-earth-sustainable-environment-remix-18x12.jpg 18w, https:\/\/s-shaper.com\/wp-content\/uploads\/2025\/05\/hand-presenting-earth-sustainable-environment-remix-600x390.jpg 600w\" sizes=\"(max-width: 1000px) 100vw, 1000px\" title=\"\">\t\t\t\t\t\t\t\t\t\t\t\t\t\t\t<\/div>\n\t\t\t\t<\/div>\n\t\t\t\t<\/div>\n\t\t\t\t\t<\/div>\n\t\t\t\t<\/div>\n\t\t\t\t<\/div>","protected":false},"excerpt":{"rendered":"<p>Sustainability &#038; Ethical Manufacturing Pioneering the Future of Shapewear with Cutting-Edge Technology At\u00a0S-SHAPER, we believe that\u00a0innovation drives success. Our dedicated\u00a0R&amp;D team and advanced manufacturing processes\u00a0allow us to develop\u00a0high-performance shapewear solutions\u00a0that combine\u00a0comfort, function, and aesthetic appeal. \u00a0Our Commitment to Sustainability Includes:\u2705\u00a0Eco-Friendly Fabrics &amp; Materials\u00a0\u2013 From\u00a0recycled fibers to biodegradable textiles\u2705\u00a0Water &amp; Energy Conservation\u00a0\u2013 Cutting water usage by\u00a070%\u00a0in [&hellip;]<\/p>\n","protected":false},"author":1,"featured_media":0,"parent":0,"menu_order":0,"comment_status":"closed","ping_status":"closed","template":"","meta":{"_acf_changed":false,"footnotes":""},"class_list":["post-6385","page","type-page","status-publish","hentry"],"blocksy_meta":[],"acf":[],"_links":{"self":[{"href":"https:\/\/s-shaper.com\/de\/wp-json\/wp\/v2\/pages\/6385","targetHints":{"allow":["GET"]}}],"collection":[{"href":"https:\/\/s-shaper.com\/de\/wp-json\/wp\/v2\/pages"}],"about":[{"href":"https:\/\/s-shaper.com\/de\/wp-json\/wp\/v2\/types\/page"}],"author":[{"embeddable":true,"href":"https:\/\/s-shaper.com\/de\/wp-json\/wp\/v2\/users\/1"}],"replies":[{"embeddable":true,"href":"https:\/\/s-shaper.com\/de\/wp-json\/wp\/v2\/comments?post=6385"}],"version-history":[{"count":4,"href":"https:\/\/s-shaper.com\/de\/wp-json\/wp\/v2\/pages\/6385\/revisions"}],"predecessor-version":[{"id":6396,"href":"https:\/\/s-shaper.com\/de\/wp-json\/wp\/v2\/pages\/6385\/revisions\/6396"}],"wp:attachment":[{"href":"https:\/\/s-shaper.com\/de\/wp-json\/wp\/v2\/media?parent=6385"}],"curies":[{"name":"wp","href":"https:\/\/api.w.org\/{rel}","templated":true}]}}