{"id":2932,"date":"2024-01-09T06:29:13","date_gmt":"2024-01-09T06:29:13","guid":{"rendered":"https:\/\/sshape.easyceotech.com\/?page_id=2932"},"modified":"2024-04-17T03:20:50","modified_gmt":"2024-04-17T03:20:50","slug":"brand-ethos-and-value-proposition","status":"publish","type":"page","link":"https:\/\/s-shaper.com\/de\/brand-ethos-and-value-proposition\/","title":{"rendered":"Markenethos und Wertversprechen"},"content":{"rendered":"<div data-elementor-type=\"wp-page\" data-elementor-id=\"2932\" class=\"elementor elementor-2932\" data-elementor-post-type=\"page\">\n\t\t\t\t<div class=\"elementor-element elementor-element-1ba78d4 e-flex e-con-boxed e-con e-parent\" data-id=\"1ba78d4\" data-element_type=\"container\" data-e-type=\"container\" data-settings=\"{&quot;background_background&quot;:&quot;classic&quot;}\">\n\t\t\t\t\t<div class=\"e-con-inner\">\n\t\t\t\t<div class=\"elementor-element elementor-element-69a8712 elementor-widget elementor-widget-heading\" data-id=\"69a8712\" data-element_type=\"widget\" data-e-type=\"widget\" data-widget_type=\"heading.default\">\n\t\t\t\t<div class=\"elementor-widget-container\">\n\t\t\t\t\t<h1 class=\"elementor-heading-title elementor-size-default\">Markenethos und Wertversprechen<\/h1>\t\t\t\t<\/div>\n\t\t\t\t<\/div>\n\t\t\t\t\t<\/div>\n\t\t\t\t<\/div>\n\t\t<div class=\"elementor-element elementor-element-a36d718 e-flex e-con-boxed e-con e-parent\" data-id=\"a36d718\" data-element_type=\"container\" data-e-type=\"container\" data-settings=\"{&quot;background_background&quot;:&quot;classic&quot;}\">\n\t\t\t\t\t<div class=\"e-con-inner\">\n\t\t<div class=\"elementor-element elementor-element-c69c9fd e-con-full e-flex e-con e-child\" data-id=\"c69c9fd\" data-element_type=\"container\" data-e-type=\"container\" data-settings=\"{&quot;background_background&quot;:&quot;classic&quot;}\">\n\t\t\t\t<div class=\"elementor-element elementor-element-9ee62d5 elementor-widget-divider--view-line elementor-widget elementor-widget-divider\" data-id=\"9ee62d5\" data-element_type=\"widget\" data-e-type=\"widget\" data-widget_type=\"divider.default\">\n\t\t\t\t<div class=\"elementor-widget-container\">\n\t\t\t\t\t\t\t<div class=\"elementor-divider\">\n\t\t\t<span class=\"elementor-divider-separator\">\n\t\t\t\t\t\t<\/span>\n\t\t<\/div>\n\t\t\t\t\t\t<\/div>\n\t\t\t\t<\/div>\n\t\t\t\t<div class=\"elementor-element elementor-element-ea5d695 elementor-widget elementor-widget-heading\" data-id=\"ea5d695\" data-element_type=\"widget\" data-e-type=\"widget\" data-widget_type=\"heading.default\">\n\t\t\t\t<div class=\"elementor-widget-container\">\n\t\t\t\t\t<h2 class=\"elementor-heading-title elementor-size-default\">Du kannst sch\u00f6ner sein!<\/h2>\t\t\t\t<\/div>\n\t\t\t\t<\/div>\n\t\t\t\t<div class=\"elementor-element elementor-element-dde81ed elementor-widget elementor-widget-text-editor\" data-id=\"dde81ed\" data-element_type=\"widget\" data-e-type=\"widget\" data-widget_type=\"text-editor.default\">\n\t\t\t\t<div class=\"elementor-widget-container\">\n\t\t\t\t\t\t\t\t\t<p>Bring allen Frauen Sch\u00f6nheit und Liebe.<\/p>\t\t\t\t\t\t\t\t<\/div>\n\t\t\t\t<\/div>\n\t\t\t\t<\/div>\n\t\t<div class=\"elementor-element elementor-element-487386a e-con-full elementor-hidden-mobile e-flex e-con e-child\" data-id=\"487386a\" data-element_type=\"container\" data-e-type=\"container\" data-settings=\"{&quot;background_background&quot;:&quot;classic&quot;}\">\n\t\t\t\t<\/div>\n\t\t\t\t\t<\/div>\n\t\t\t\t<\/div>\n\t\t<div class=\"elementor-element elementor-element-bab5d0f e-flex e-con-boxed e-con e-parent\" data-id=\"bab5d0f\" data-element_type=\"container\" data-e-type=\"container\">\n\t\t\t\t\t<div class=\"e-con-inner\">\n\t\t<div class=\"elementor-element elementor-element-56ef64e e-con-full e-flex e-con e-child\" data-id=\"56ef64e\" data-element_type=\"container\" data-e-type=\"container\">\n\t\t\t\t<div class=\"elementor-element elementor-element-c0702c3 elementor-widget elementor-widget-heading\" data-id=\"c0702c3\" data-element_type=\"widget\" data-e-type=\"widget\" data-widget_type=\"heading.default\">\n\t\t\t\t<div class=\"elementor-widget-container\">\n\t\t\t\t\t<h2 class=\"elementor-heading-title elementor-size-default\">Wachse mit uns und\ngenie\u00dfe dein bestes Selbst!<\/h2>\t\t\t\t<\/div>\n\t\t\t\t<\/div>\n\t\t\t\t<div class=\"elementor-element elementor-element-bc5d207 elementor-widget elementor-widget-text-editor\" data-id=\"bc5d207\" data-element_type=\"widget\" data-e-type=\"widget\" data-widget_type=\"text-editor.default\">\n\t\t\t\t<div class=\"elementor-widget-container\">\n\t\t\t\t\t\t\t\t\t<p>Anny und Louis sind ein Paar. Sie haben S-SHAPER aus Liebe kreiert und hoffen, allen Frauen auf der Welt Sch\u00f6nheit und Liebe zu bringen.<\/p><p>Anny war fr\u00fcher Industriedesignerin, und ihr feine Linie zeigt ihre beste Seite ganz klar. Dass Louis Innovationen und Technik liebt, bietet den h\u00f6chsten Komfort und die freiheitlichste Seite.<\/p>\t\t\t\t\t\t\t\t<\/div>\n\t\t\t\t<\/div>\n\t\t\t\t<\/div>\n\t\t<div class=\"elementor-element elementor-element-a359029 e-con-full e-flex e-con e-child\" data-id=\"a359029\" data-element_type=\"container\" data-e-type=\"container\">\n\t\t\t\t<div class=\"elementor-element elementor-element-b2a8e58 elementor-widget elementor-widget-image\" data-id=\"b2a8e58\" data-element_type=\"widget\" data-e-type=\"widget\" data-widget_type=\"image.default\">\n\t\t\t\t<div class=\"elementor-widget-container\">\n\t\t\t\t\t\t\t\t\t\t\t\t\t\t\t<img fetchpriority=\"high\" decoding=\"async\" width=\"1024\" height=\"770\" src=\"https:\/\/s-shaper.com\/wp-content\/uploads\/2024\/01\/img45-1024x770.jpg\" class=\"attachment-large size-large wp-image-2938\" alt=\"\" srcset=\"\" sizes=\"(max-width: 1024px) 100vw, 1024px\" title=\"\" data-srcset=\"\">\t\t\t\t\t\t\t\t\t\t\t\t\t\t\t<\/div>\n\t\t\t\t<\/div>\n\t\t\t\t<\/div>\n\t\t\t\t\t<\/div>\n\t\t\t\t<\/div>\n\t\t<div class=\"elementor-element elementor-element-fae9fd5 e-flex e-con-boxed e-con e-parent\" data-id=\"fae9fd5\" data-element_type=\"container\" data-e-type=\"container\">\n\t\t\t\t\t<div class=\"e-con-inner\">\n\t\t<div class=\"elementor-element elementor-element-4620973 e-con-full e-flex e-con e-child\" data-id=\"4620973\" data-element_type=\"container\" data-e-type=\"container\">\n\t\t\t\t<div class=\"elementor-element elementor-element-7837d26 elementor-widget elementor-widget-image\" data-id=\"7837d26\" data-element_type=\"widget\" data-e-type=\"widget\" data-widget_type=\"image.default\">\n\t\t\t\t<div class=\"elementor-widget-container\">\n\t\t\t\t\t\t\t\t\t\t\t\t\t\t\t<img decoding=\"async\" width=\"1000\" height=\"666\" src=\"https:\/\/s-shaper.com\/wp-content\/uploads\/2024\/01\/img589.jpg\" class=\"attachment-large size-large wp-image-2939\" alt=\"\" srcset=\"https:\/\/s-shaper.com\/wp-content\/uploads\/2024\/01\/img589.jpg 1000w, https:\/\/s-shaper.com\/wp-content\/uploads\/2024\/01\/img589-600x400.jpg 600w, https:\/\/s-shaper.com\/wp-content\/uploads\/2024\/01\/img589-300x200.jpg 300w, https:\/\/s-shaper.com\/wp-content\/uploads\/2024\/01\/img589-768x511.jpg 768w\" sizes=\"(max-width: 1000px) 100vw, 1000px\" title=\"\">\t\t\t\t\t\t\t\t\t\t\t\t\t\t\t<\/div>\n\t\t\t\t<\/div>\n\t\t\t\t<\/div>\n\t\t<div class=\"elementor-element elementor-element-a281acd e-con-full e-flex e-con e-child\" data-id=\"a281acd\" data-element_type=\"container\" data-e-type=\"container\">\n\t\t\t\t<div class=\"elementor-element elementor-element-0a1113f elementor-widget elementor-widget-text-editor\" data-id=\"0a1113f\" data-element_type=\"widget\" data-e-type=\"widget\" data-widget_type=\"text-editor.default\">\n\t\t\t\t<div class=\"elementor-widget-container\">\n\t\t\t\t\t\t\t\t\t<p>Mit der Sch\u00f6nheit und Freiheit von S-SHAPER k\u00f6nnen Sie selbstbewusst Ihr sch\u00f6nstes Ich leben.<\/p><p>Du kannst Teil der S-SHAPER-M\u00e4dchen-Community sein. S-SHAPER m\u00f6chte Zeuge deines Wachstums und deiner Sch\u00f6nheit sein. Wachse mit uns und genie\u00dfe dein bestes Ich!<\/p>\t\t\t\t\t\t\t\t<\/div>\n\t\t\t\t<\/div>\n\t\t\t\t<\/div>\n\t\t\t\t\t<\/div>\n\t\t\t\t<\/div>\n\t\t<div class=\"elementor-element elementor-element-bb7331c e-flex e-con-boxed e-con e-parent\" data-id=\"bb7331c\" data-element_type=\"container\" data-e-type=\"container\">\n\t\t\t\t\t<div class=\"e-con-inner\">\n\t\t<div class=\"elementor-element elementor-element-c418cf3 e-con-full elementor-hidden-mobile e-flex e-con e-child\" data-id=\"c418cf3\" data-element_type=\"container\" data-e-type=\"container\">\n\t\t\t\t<div class=\"elementor-element elementor-element-4fa5346 elementor-widget elementor-widget-image\" data-id=\"4fa5346\" data-element_type=\"widget\" data-e-type=\"widget\" data-widget_type=\"image.default\">\n\t\t\t\t<div class=\"elementor-widget-container\">\n\t\t\t\t\t\t\t\t\t\t\t\t\t\t\t<img decoding=\"async\" width=\"1000\" height=\"1000\" src=\"https:\/\/s-shaper.com\/wp-content\/uploads\/2024\/01\/U0598-6.jpg\" class=\"attachment-large size-large wp-image-3467\" alt=\"\" srcset=\"https:\/\/s-shaper.com\/wp-content\/uploads\/2024\/01\/U0598-6.jpg 1000w, https:\/\/s-shaper.com\/wp-content\/uploads\/2024\/01\/U0598-6-300x300.jpg 300w, https:\/\/s-shaper.com\/wp-content\/uploads\/2024\/01\/U0598-6-80x80.jpg 80w, https:\/\/s-shaper.com\/wp-content\/uploads\/2024\/01\/U0598-6-768x768.jpg 768w, https:\/\/s-shaper.com\/wp-content\/uploads\/2024\/01\/U0598-6-600x600.jpg 600w, https:\/\/s-shaper.com\/wp-content\/uploads\/2024\/01\/U0598-6-100x100.jpg 100w\" sizes=\"(max-width: 1000px) 100vw, 1000px\" title=\"\">\t\t\t\t\t\t\t\t\t\t\t\t\t\t\t<\/div>\n\t\t\t\t<\/div>\n\t\t\t\t<\/div>\n\t\t<div class=\"elementor-element elementor-element-255a3f5 e-con-full e-flex e-con e-child\" data-id=\"255a3f5\" data-element_type=\"container\" data-e-type=\"container\">\n\t\t\t\t<div class=\"elementor-element elementor-element-8988745 elementor-widget elementor-widget-heading\" data-id=\"8988745\" data-element_type=\"widget\" data-e-type=\"widget\" data-widget_type=\"heading.default\">\n\t\t\t\t<div class=\"elementor-widget-container\">\n\t\t\t\t\t<h2 class=\"elementor-heading-title elementor-size-default\">Unsere Vision und Werte: Ein tiefer Einblick in die Grundpfeiler von S-SHAPER<\/h2>\t\t\t\t<\/div>\n\t\t\t\t<\/div>\n\t\t\t\t<div class=\"elementor-element elementor-element-0108881 elementor-widget elementor-widget-text-editor\" data-id=\"0108881\" data-element_type=\"widget\" data-e-type=\"widget\" data-widget_type=\"text-editor.default\">\n\t\t\t\t<div class=\"elementor-widget-container\">\n\t\t\t\t\t\t\t\t\t<p>Die Philosophie der Marke S-SHAPER gr\u00fcndet auf den Konzepten \u201eLiebe und Sch\u00f6nheit\u201c. Die Gr\u00fcnder Anny und Louis sind der \u00dcberzeugung, dass jede Frau es verdient, Komfort, Sch\u00f6nheit und Freiheit zu erleben. Dieses Ethos wird nicht nur im Design und in der Funktionalit\u00e4t unserer Produkte widergespiegelt, sondern auch in unserer Unternehmenskultur des Respekts, der Inklusion und der Diversit\u00e4t. Wir sind bestrebt, eine Produktlinie zu schaffen, welche die Vielfalt hervorhebt und die einzigartige Sch\u00f6nheit einer jeden Frau betont.<\/p><p>S-SHAPER f\u00f6rdert eine Kultur der Diversit\u00e4t und Inklusion und ermutigt zu innovativem und vielf\u00e4ltigem Denken innerhalb unseres Teams. Unsere Produktdesigns und Marketingstrategien zielen darauf ab, verschiedene K\u00f6rpertypen, kulturelle Hintergr\u00fcnde und Lebensstile zu respektieren und zu zelebrieren.<\/p>\t\t\t\t\t\t\t\t<\/div>\n\t\t\t\t<\/div>\n\t\t\t\t<\/div>\n\t\t\t\t\t<\/div>\n\t\t\t\t<\/div>\n\t\t<div class=\"elementor-element elementor-element-5cec6fa e-flex e-con-boxed e-con e-parent\" data-id=\"5cec6fa\" data-element_type=\"container\" data-e-type=\"container\">\n\t\t\t\t\t<div class=\"e-con-inner\">\n\t\t<div class=\"elementor-element elementor-element-6b90537 e-con-full e-flex e-con e-child\" data-id=\"6b90537\" data-element_type=\"container\" data-e-type=\"container\">\n\t\t\t\t<div class=\"elementor-element elementor-element-558bc4c elementor-widget elementor-widget-heading\" data-id=\"558bc4c\" data-element_type=\"widget\" data-e-type=\"widget\" data-widget_type=\"heading.default\">\n\t\t\t\t<div class=\"elementor-widget-container\">\n\t\t\t\t\t<h2 class=\"elementor-heading-title elementor-size-default\">Unsere Reise: Die Entwicklung und das Wachstum von S-SHAPER<\/h2>\t\t\t\t<\/div>\n\t\t\t\t<\/div>\n\t\t\t\t<div class=\"elementor-element elementor-element-d534a7d elementor-widget elementor-widget-text-editor\" data-id=\"d534a7d\" data-element_type=\"widget\" data-e-type=\"widget\" data-widget_type=\"text-editor.default\">\n\t\t\t\t<div class=\"elementor-widget-container\">\n\t\t\t\t\t\t\t\t\t<p>Die Geschichte von S-SHAPER begann mit den pers\u00f6nlichen Erfahrungen von Anny und Louis. Als frischgebackenen Eltern inspirierte ihr Bedarf an Regeneration nach der Geburt und bequemer Kleidung zur Schaffung einer neuen Art von Shapewear-Marke. Ihre Geschichte dreht sich nicht nur um gesch\u00e4ftlichen Erfolg, sondern um das Bestreben, das Leben von Frauen zu verbessern.<\/p>\t\t\t\t\t\t\t\t<\/div>\n\t\t\t\t<\/div>\n\t\t\t\t<div class=\"elementor-element elementor-element-0deba51 elementor-icon-list--layout-traditional elementor-list-item-link-full_width elementor-widget elementor-widget-icon-list\" data-id=\"0deba51\" data-element_type=\"widget\" data-e-type=\"widget\" data-showme=\"img-1\" data-widget_type=\"icon-list.default\">\n\t\t\t\t<div class=\"elementor-widget-container\">\n\t\t\t\t\t\t\t<ul class=\"elementor-icon-list-items\">\n\t\t\t\t\t\t\t<li class=\"elementor-icon-list-item\">\n\t\t\t\t\t\t\t\t\t\t\t<span class=\"elementor-icon-list-icon\">\n\t\t\t\t\t\t\t<svg xmlns=\"http:\/\/www.w3.org\/2000\/svg\" xmlns:xlink=\"http:\/\/www.w3.org\/1999\/xlink\" class=\"icon\" viewbox=\"0 0 1024 1024\" width=\"200\" height=\"200\"><path d=\"M512 65.984C266.08 65.984 65.984 266.08 65.984 512c0 245.952 200.064 446.016 446.016 446.016 245.952 0 446.016-200.064 446.016-446.016C958.016 266.08 757.952 65.984 512 65.984zM727.232 438.432l-256.224 259.008c-0.064 0.064-0.192 0.096-0.256 0.192-0.096 0.064-0.096 0.192-0.192 0.256-2.048 1.984-4.576 3.2-6.944 4.544-1.184 0.672-2.144 1.696-3.392 2.176-3.84 1.536-7.904 2.336-11.968 2.336-4.096 0-8.224-0.8-12.096-2.4-1.28-0.544-2.304-1.632-3.52-2.304-2.368-1.344-4.832-2.528-6.88-4.544-0.064-0.064-0.096-0.192-0.16-0.256-0.064-0.096-0.192-0.096-0.256-0.192l-126.016-129.504c-12.32-12.672-12.032-32.928 0.64-45.248 12.672-12.288 32.896-12.064 45.248 0.64l103.264 106.112 233.28-235.84c12.416-12.576 32.704-12.704 45.248-0.256C739.52 405.6 739.648 425.856 727.232 438.432z\"><\/path><\/svg>\t\t\t\t\t\t<\/span>\n\t\t\t\t\t\t\t\t\t\t<span class=\"elementor-icon-list-text\">Materialauswahl: Verpflichtung zu Qualit\u00e4t und Nachhaltigkeit<\/span>\n\t\t\t\t\t\t\t\t\t<\/li>\n\t\t\t\t\t\t\t\t<li class=\"elementor-icon-list-item\">\n\t\t\t\t\t\t\t\t\t\t\t<span class=\"elementor-icon-list-icon\">\n\t\t\t\t\t\t\t<svg xmlns=\"http:\/\/www.w3.org\/2000\/svg\" xmlns:xlink=\"http:\/\/www.w3.org\/1999\/xlink\" class=\"icon\" viewbox=\"0 0 1024 1024\" width=\"200\" height=\"200\"><path d=\"M512 65.984C266.08 65.984 65.984 266.08 65.984 512c0 245.952 200.064 446.016 446.016 446.016 245.952 0 446.016-200.064 446.016-446.016C958.016 266.08 757.952 65.984 512 65.984zM727.232 438.432l-256.224 259.008c-0.064 0.064-0.192 0.096-0.256 0.192-0.096 0.064-0.096 0.192-0.192 0.256-2.048 1.984-4.576 3.2-6.944 4.544-1.184 0.672-2.144 1.696-3.392 2.176-3.84 1.536-7.904 2.336-11.968 2.336-4.096 0-8.224-0.8-12.096-2.4-1.28-0.544-2.304-1.632-3.52-2.304-2.368-1.344-4.832-2.528-6.88-4.544-0.064-0.064-0.096-0.192-0.16-0.256-0.064-0.096-0.192-0.096-0.256-0.192l-126.016-129.504c-12.32-12.672-12.032-32.928 0.64-45.248 12.672-12.288 32.896-12.064 45.248 0.64l103.264 106.112 233.28-235.84c12.416-12.576 32.704-12.704 45.248-0.256C739.52 405.6 739.648 425.856 727.232 438.432z\"><\/path><\/svg>\t\t\t\t\t\t<\/span>\n\t\t\t\t\t\t\t\t\t\t<span class=\"elementor-icon-list-text\">Innovatives Design: Kunst und Funktionalit\u00e4t verschmelzen<\/span>\n\t\t\t\t\t\t\t\t\t<\/li>\n\t\t\t\t\t\t\t\t<li class=\"elementor-icon-list-item\">\n\t\t\t\t\t\t\t\t\t\t\t<span class=\"elementor-icon-list-icon\">\n\t\t\t\t\t\t\t<svg xmlns=\"http:\/\/www.w3.org\/2000\/svg\" xmlns:xlink=\"http:\/\/www.w3.org\/1999\/xlink\" class=\"icon\" viewbox=\"0 0 1024 1024\" width=\"200\" height=\"200\"><path d=\"M512 65.984C266.08 65.984 65.984 266.08 65.984 512c0 245.952 200.064 446.016 446.016 446.016 245.952 0 446.016-200.064 446.016-446.016C958.016 266.08 757.952 65.984 512 65.984zM727.232 438.432l-256.224 259.008c-0.064 0.064-0.192 0.096-0.256 0.192-0.096 0.064-0.096 0.192-0.192 0.256-2.048 1.984-4.576 3.2-6.944 4.544-1.184 0.672-2.144 1.696-3.392 2.176-3.84 1.536-7.904 2.336-11.968 2.336-4.096 0-8.224-0.8-12.096-2.4-1.28-0.544-2.304-1.632-3.52-2.304-2.368-1.344-4.832-2.528-6.88-4.544-0.064-0.064-0.096-0.192-0.16-0.256-0.064-0.096-0.192-0.096-0.256-0.192l-126.016-129.504c-12.32-12.672-12.032-32.928 0.64-45.248 12.672-12.288 32.896-12.064 45.248 0.64l103.264 106.112 233.28-235.84c12.416-12.576 32.704-12.704 45.248-0.256C739.52 405.6 739.648 425.856 727.232 438.432z\"><\/path><\/svg>\t\t\t\t\t\t<\/span>\n\t\t\t\t\t\t\t\t\t\t<span class=\"elementor-icon-list-text\">Marktexpansion: Global wachsen, lokal verbinden<\/span>\n\t\t\t\t\t\t\t\t\t<\/li>\n\t\t\t\t\t\t<\/ul>\n\t\t\t\t\t\t<\/div>\n\t\t\t\t<\/div>\n\t\t\t\t<div class=\"elementor-element elementor-element-54e55b1 elementor-widget elementor-widget-text-editor\" data-id=\"54e55b1\" data-element_type=\"widget\" data-e-type=\"widget\" data-widget_type=\"text-editor.default\">\n\t\t\t\t<div class=\"elementor-widget-container\">\n\t\t\t\t\t\t\t\t\t<p>Von den Herausforderungen der Startphase bis zur Reife der Marke hat S-SHAPER eine umfassende Entwicklung hinsichtlich der Materialauswahl, Designinnovation und Marktexpansion durchgemacht. Anny und Louis sind pers\u00f6nlich durch ganz China gereist, um die am besten geeigneten Materialien und Komponenten zu finden, testen und verbessern ihre Produkte kontinuierlich, um das zu schaffen, was S-SHAPER heute ausmacht.<\/p>\t\t\t\t\t\t\t\t<\/div>\n\t\t\t\t<\/div>\n\t\t\t\t<\/div>\n\t\t<div class=\"elementor-element elementor-element-5ca56e0 e-con-full e-flex e-con e-child\" data-id=\"5ca56e0\" data-element_type=\"container\" data-e-type=\"container\">\n\t\t\t\t<div class=\"elementor-element elementor-element-696d1cc elementor-widget elementor-widget-image\" data-id=\"696d1cc\" data-element_type=\"widget\" data-e-type=\"widget\" data-widget_type=\"image.default\">\n\t\t\t\t<div class=\"elementor-widget-container\">\n\t\t\t\t\t\t\t\t\t\t\t\t\t\t\t<img loading=\"lazy\" decoding=\"async\" width=\"1000\" height=\"1000\" src=\"https:\/\/s-shaper.com\/wp-content\/uploads\/2024\/01\/SGS11-1.jpg\" class=\"attachment-large size-large wp-image-3483\" alt=\"\" srcset=\"https:\/\/s-shaper.com\/wp-content\/uploads\/2024\/01\/SGS11-1.jpg 1000w, https:\/\/s-shaper.com\/wp-content\/uploads\/2024\/01\/SGS11-1-300x300.jpg 300w, https:\/\/s-shaper.com\/wp-content\/uploads\/2024\/01\/SGS11-1-80x80.jpg 80w, https:\/\/s-shaper.com\/wp-content\/uploads\/2024\/01\/SGS11-1-768x768.jpg 768w, https:\/\/s-shaper.com\/wp-content\/uploads\/2024\/01\/SGS11-1-600x600.jpg 600w, https:\/\/s-shaper.com\/wp-content\/uploads\/2024\/01\/SGS11-1-100x100.jpg 100w\" sizes=\"(max-width: 1000px) 100vw, 1000px\" title=\"\">\t\t\t\t\t\t\t\t\t\t\t\t\t\t\t<\/div>\n\t\t\t\t<\/div>\n\t\t\t\t<\/div>\n\t\t\t\t\t<\/div>\n\t\t\t\t<\/div>\n\t\t<div class=\"elementor-element elementor-element-a01a70f e-flex e-con-boxed e-con e-parent\" data-id=\"a01a70f\" data-element_type=\"container\" data-e-type=\"container\" data-settings=\"{&quot;background_background&quot;:&quot;classic&quot;}\">\n\t\t\t\t\t<div class=\"e-con-inner\">\n\t\t\t\t<div class=\"elementor-element elementor-element-9253250 elementor-widget elementor-widget-heading\" data-id=\"9253250\" data-element_type=\"widget\" data-e-type=\"widget\" data-widget_type=\"heading.default\">\n\t\t\t\t<div class=\"elementor-widget-container\">\n\t\t\t\t\t<h2 class=\"elementor-heading-title elementor-size-default\">Die Welt einbeziehen: Die Auswirkung unserer Marketingbem\u00fchungen<\/h2>\t\t\t\t<\/div>\n\t\t\t\t<\/div>\n\t\t\t\t<div class=\"elementor-element elementor-element-6c9908b elementor-widget elementor-widget-text-editor\" data-id=\"6c9908b\" data-element_type=\"widget\" data-e-type=\"widget\" data-widget_type=\"text-editor.default\">\n\t\t\t\t<div class=\"elementor-widget-container\">\n\t\t\t\t\t\t\t\t\t<p>Die Marketingaktivit\u00e4ten von S-SHAPER konzentrieren sich darauf, die Kernwerte der Marke, n\u00e4mlich Bequemlichkeit, Sch\u00f6nheit, und Freiheit zu betonen. Unsere Werbekampagnen gehen \u00fcber traditionelle Werbung hinaus und umfassen soziales Medienengagement, Community-Aufbau und die Teilnahme an gemeinn\u00fctzigen Aktivit\u00e4ten, wodurch eine echte Verbindung zu unseren Kunden geschaffen wird.<\/p><p>Unsere Marketingaktivit\u00e4ten hatten erhebliche Auswirkungen. Diese Bem\u00fchungen haben nicht nur die Markenbekanntheit gesteigert, sondern waren auch erfolgreich beim Aufbau eines treuen Kundenstamms. Positives Kundenfeedback und ein wachsendes Community-Engagement belegen die Wirksamkeit unserer Werbestrategien.<\/p>\t\t\t\t\t\t\t\t<\/div>\n\t\t\t\t<\/div>\n\t\t\t\t\t<\/div>\n\t\t\t\t<\/div>\n\t\t\t\t<\/div>","protected":false},"excerpt":{"rendered":"<p>Brand Ethos and Value Proposition You can be more beautiful! Bring beauty and love to all women. Grow with us and enjoy your best self! Anny and Louis are a couple. They created S-SHAPER because of love and hoped to bring beauty and love to all women in the world. Anny used to be an [&hellip;]<\/p>\n","protected":false},"author":1,"featured_media":0,"parent":0,"menu_order":0,"comment_status":"closed","ping_status":"closed","template":"","meta":{"_acf_changed":false,"footnotes":""},"class_list":["post-2932","page","type-page","status-publish","hentry"],"blocksy_meta":[],"acf":[],"_links":{"self":[{"href":"https:\/\/s-shaper.com\/de\/wp-json\/wp\/v2\/pages\/2932","targetHints":{"allow":["GET"]}}],"collection":[{"href":"https:\/\/s-shaper.com\/de\/wp-json\/wp\/v2\/pages"}],"about":[{"href":"https:\/\/s-shaper.com\/de\/wp-json\/wp\/v2\/types\/page"}],"author":[{"embeddable":true,"href":"https:\/\/s-shaper.com\/de\/wp-json\/wp\/v2\/users\/1"}],"replies":[{"embeddable":true,"href":"https:\/\/s-shaper.com\/de\/wp-json\/wp\/v2\/comments?post=2932"}],"version-history":[{"count":17,"href":"https:\/\/s-shaper.com\/de\/wp-json\/wp\/v2\/pages\/2932\/revisions"}],"predecessor-version":[{"id":5445,"href":"https:\/\/s-shaper.com\/de\/wp-json\/wp\/v2\/pages\/2932\/revisions\/5445"}],"wp:attachment":[{"href":"https:\/\/s-shaper.com\/de\/wp-json\/wp\/v2\/media?parent=2932"}],"curies":[{"name":"wp","href":"https:\/\/api.w.org\/{rel}","templated":true}]}}