{"id":2920,"date":"2024-01-09T05:42:14","date_gmt":"2024-01-09T05:42:14","guid":{"rendered":"https:\/\/sshape.easyceotech.com\/?page_id=2920"},"modified":"2024-04-23T08:04:42","modified_gmt":"2024-04-23T08:04:42","slug":"background-of-shapewear","status":"publish","type":"page","link":"https:\/\/s-shaper.com\/de\/background-of-shapewear\/","title":{"rendered":"Hintergrund von Shapewear"},"content":{"rendered":"<div data-elementor-type=\"wp-page\" data-elementor-id=\"2920\" class=\"elementor elementor-2920\" data-elementor-post-type=\"page\">\n\t\t\t\t<div class=\"elementor-element elementor-element-5c0f8f6 e-flex e-con-boxed e-con e-parent\" data-id=\"5c0f8f6\" data-element_type=\"container\" data-e-type=\"container\" data-settings=\"{&quot;background_background&quot;:&quot;classic&quot;}\">\n\t\t\t\t\t<div class=\"e-con-inner\">\n\t\t\t\t<div class=\"elementor-element elementor-element-c4f9741 elementor-widget elementor-widget-heading\" data-id=\"c4f9741\" data-element_type=\"widget\" data-e-type=\"widget\" data-widget_type=\"heading.default\">\n\t\t\t\t<div class=\"elementor-widget-container\">\n\t\t\t\t\t<h1 class=\"elementor-heading-title elementor-size-default\">Hintergrund von Shapewear<\/h1>\t\t\t\t<\/div>\n\t\t\t\t<\/div>\n\t\t\t\t\t<\/div>\n\t\t\t\t<\/div>\n\t\t<div class=\"elementor-element elementor-element-9654621 e-flex e-con-boxed e-con e-parent\" data-id=\"9654621\" data-element_type=\"container\" data-e-type=\"container\">\n\t\t\t\t\t<div class=\"e-con-inner\">\n\t\t<div class=\"elementor-element elementor-element-af6ddbf e-con-full e-flex e-con e-child\" data-id=\"af6ddbf\" data-element_type=\"container\" data-e-type=\"container\" data-settings=\"{&quot;background_background&quot;:&quot;classic&quot;}\">\n\t\t\t\t<div class=\"elementor-element elementor-element-4c7a852 elementor-widget elementor-widget-image\" data-id=\"4c7a852\" data-element_type=\"widget\" data-e-type=\"widget\" data-widget_type=\"image.default\">\n\t\t\t\t<div class=\"elementor-widget-container\">\n\t\t\t\t\t\t\t\t\t\t\t\t\t\t\t<img fetchpriority=\"high\" decoding=\"async\" width=\"717\" height=\"717\" src=\"https:\/\/s-shaper.com\/wp-content\/uploads\/2024\/01\/img27.jpg\" class=\"attachment-large size-large wp-image-2923\" alt=\"\" srcset=\"https:\/\/s-shaper.com\/wp-content\/uploads\/2024\/01\/img27.jpg 717w, https:\/\/s-shaper.com\/wp-content\/uploads\/2024\/01\/img27-600x600.jpg 600w, https:\/\/s-shaper.com\/wp-content\/uploads\/2024\/01\/img27-100x100.jpg 100w, https:\/\/s-shaper.com\/wp-content\/uploads\/2024\/01\/img27-300x300.jpg 300w, https:\/\/s-shaper.com\/wp-content\/uploads\/2024\/01\/img27-80x80.jpg 80w\" sizes=\"(max-width: 717px) 100vw, 717px\" title=\"\">\t\t\t\t\t\t\t\t\t\t\t\t\t\t\t<\/div>\n\t\t\t\t<\/div>\n\t\t\t\t<div class=\"elementor-element elementor-element-a25f976 elementor-widget elementor-widget-heading\" data-id=\"a25f976\" data-element_type=\"widget\" data-e-type=\"widget\" data-widget_type=\"heading.default\">\n\t\t\t\t<div class=\"elementor-widget-container\">\n\t\t\t\t\t<h2 class=\"elementor-heading-title elementor-size-default\">16. Jahrhundert<\/h2>\t\t\t\t<\/div>\n\t\t\t\t<\/div>\n\t\t\t\t<div class=\"elementor-element elementor-element-9d1c655 elementor-widget elementor-widget-text-editor\" data-id=\"9d1c655\" data-element_type=\"widget\" data-e-type=\"widget\" data-widget_type=\"text-editor.default\">\n\t\t\t\t<div class=\"elementor-widget-container\">\n\t\t\t\t\t\t\t\t\t<ul><li>Sehr Knapp<\/li><li>Starker Fokus auf weibliche Kurven<\/li><\/ul>\t\t\t\t\t\t\t\t<\/div>\n\t\t\t\t<\/div>\n\t\t\t\t<\/div>\n\t\t<div class=\"elementor-element elementor-element-c393884 e-con-full e-flex e-con e-child\" data-id=\"c393884\" data-element_type=\"container\" data-e-type=\"container\" data-settings=\"{&quot;background_background&quot;:&quot;classic&quot;}\">\n\t\t\t\t<div class=\"elementor-element elementor-element-0f3d371 elementor-widget elementor-widget-image\" data-id=\"0f3d371\" data-element_type=\"widget\" data-e-type=\"widget\" data-widget_type=\"image.default\">\n\t\t\t\t<div class=\"elementor-widget-container\">\n\t\t\t\t\t\t\t\t\t\t\t\t\t\t\t<img decoding=\"async\" width=\"717\" height=\"717\" src=\"https:\/\/s-shaper.com\/wp-content\/uploads\/2024\/01\/img29.jpg\" class=\"attachment-large size-large wp-image-2924\" alt=\"\" srcset=\"https:\/\/s-shaper.com\/wp-content\/uploads\/2024\/01\/img29.jpg 717w, https:\/\/s-shaper.com\/wp-content\/uploads\/2024\/01\/img29-600x600.jpg 600w, https:\/\/s-shaper.com\/wp-content\/uploads\/2024\/01\/img29-100x100.jpg 100w, https:\/\/s-shaper.com\/wp-content\/uploads\/2024\/01\/img29-300x300.jpg 300w, https:\/\/s-shaper.com\/wp-content\/uploads\/2024\/01\/img29-80x80.jpg 80w\" sizes=\"(max-width: 717px) 100vw, 717px\" title=\"\">\t\t\t\t\t\t\t\t\t\t\t\t\t\t\t<\/div>\n\t\t\t\t<\/div>\n\t\t\t\t<div class=\"elementor-element elementor-element-d3c0fd0 elementor-widget elementor-widget-heading\" data-id=\"d3c0fd0\" data-element_type=\"widget\" data-e-type=\"widget\" data-widget_type=\"heading.default\">\n\t\t\t\t<div class=\"elementor-widget-container\">\n\t\t\t\t\t<h2 class=\"elementor-heading-title elementor-size-default\">Entwicklungen im\n18. und fr\u00fchen\n19. Jahrhundert<\/h2>\t\t\t\t<\/div>\n\t\t\t\t<\/div>\n\t\t\t\t<div class=\"elementor-element elementor-element-36641dd elementor-widget elementor-widget-text-editor\" data-id=\"36641dd\" data-element_type=\"widget\" data-e-type=\"widget\" data-widget_type=\"text-editor.default\">\n\t\t\t\t<div class=\"elementor-widget-container\">\n\t\t\t\t\t\t\t\t\t<ul><li>Sehr schwer, sich zu b\u00fccken<\/li><li>Hauptfunktion: Schutz des Brustkorbs<\/li><\/ul>\t\t\t\t\t\t\t\t<\/div>\n\t\t\t\t<\/div>\n\t\t\t\t<\/div>\n\t\t<div class=\"elementor-element elementor-element-e9cb9d7 e-con-full e-flex e-con e-child\" data-id=\"e9cb9d7\" data-element_type=\"container\" data-e-type=\"container\" data-settings=\"{&quot;background_background&quot;:&quot;classic&quot;}\">\n\t\t\t\t<div class=\"elementor-element elementor-element-c2b82a9 elementor-widget elementor-widget-image\" data-id=\"c2b82a9\" data-element_type=\"widget\" data-e-type=\"widget\" data-widget_type=\"image.default\">\n\t\t\t\t<div class=\"elementor-widget-container\">\n\t\t\t\t\t\t\t\t\t\t\t\t\t\t\t<img decoding=\"async\" width=\"717\" height=\"717\" src=\"https:\/\/s-shaper.com\/wp-content\/uploads\/2024\/01\/img31.jpg\" class=\"attachment-large size-large wp-image-2922\" alt=\"\" srcset=\"https:\/\/s-shaper.com\/wp-content\/uploads\/2024\/01\/img31.jpg 717w, https:\/\/s-shaper.com\/wp-content\/uploads\/2024\/01\/img31-600x600.jpg 600w, https:\/\/s-shaper.com\/wp-content\/uploads\/2024\/01\/img31-100x100.jpg 100w, https:\/\/s-shaper.com\/wp-content\/uploads\/2024\/01\/img31-300x300.jpg 300w, https:\/\/s-shaper.com\/wp-content\/uploads\/2024\/01\/img31-80x80.jpg 80w\" sizes=\"(max-width: 717px) 100vw, 717px\" title=\"\">\t\t\t\t\t\t\t\t\t\t\t\t\t\t\t<\/div>\n\t\t\t\t<\/div>\n\t\t\t\t<div class=\"elementor-element elementor-element-f331e7b elementor-widget elementor-widget-heading\" data-id=\"f331e7b\" data-element_type=\"widget\" data-e-type=\"widget\" data-widget_type=\"heading.default\">\n\t\t\t\t<div class=\"elementor-widget-container\">\n\t\t\t\t\t<h2 class=\"elementor-heading-title elementor-size-default\">Modern Times<\/h2>\t\t\t\t<\/div>\n\t\t\t\t<\/div>\n\t\t\t\t<div class=\"elementor-element elementor-element-9ad24f5 elementor-widget elementor-widget-text-editor\" data-id=\"9ad24f5\" data-element_type=\"widget\" data-e-type=\"widget\" data-widget_type=\"text-editor.default\">\n\t\t\t\t<div class=\"elementor-widget-container\">\n\t\t\t\t\t\t\t\t\t<ul><li><p>Reparatur nach der Geburt<\/p><\/li><li><p>Mehr Fokus auf Komfort und Halt<\/p><\/li><\/ul>\t\t\t\t\t\t\t\t<\/div>\n\t\t\t\t<\/div>\n\t\t\t\t<\/div>\n\t\t\t\t\t<\/div>\n\t\t\t\t<\/div>\n\t\t<div class=\"elementor-element elementor-element-43b990d e-flex e-con-boxed e-con e-parent\" data-id=\"43b990d\" data-element_type=\"container\" data-e-type=\"container\">\n\t\t\t\t\t<div class=\"e-con-inner\">\n\t\t\t\t<div class=\"elementor-element elementor-element-d2ae765 elementor-widget elementor-widget-heading\" data-id=\"d2ae765\" data-element_type=\"widget\" data-e-type=\"widget\" data-widget_type=\"heading.default\">\n\t\t\t\t<div class=\"elementor-widget-container\">\n\t\t\t\t\t<h2 class=\"elementor-heading-title elementor-size-default\">Shapewear ist erfolgreich<\/h2>\t\t\t\t<\/div>\n\t\t\t\t<\/div>\n\t\t\t\t\t<\/div>\n\t\t\t\t<\/div>\n\t\t<div class=\"elementor-element elementor-element-1eb92ee elementor-hidden-mobile e-flex e-con-boxed e-con e-parent\" data-id=\"1eb92ee\" data-element_type=\"container\" data-e-type=\"container\">\n\t\t\t\t\t<div class=\"e-con-inner\">\n\t\t<div class=\"elementor-element elementor-element-58f5524 e-con-full e-flex e-con e-child\" data-id=\"58f5524\" data-element_type=\"container\" data-e-type=\"container\">\n\t\t\t\t<div class=\"elementor-element elementor-element-0e28a4d elementor-widget elementor-widget-text-editor\" data-id=\"0e28a4d\" data-element_type=\"widget\" data-e-type=\"widget\" data-widget_type=\"text-editor.default\">\n\t\t\t\t<div class=\"elementor-widget-container\">\n\t\t\t\t\t\t\t\t\t<ul><li>Der globale Markt f\u00fcr Kompressions- und figurformende Kleidung erreichte 2021 einen Wert von 14,19 Milliarden US-Dollar. Zukunftsgerichtet erwartet der Herausgeber, dass der Markt bis 2027 einen Wert von 22,27 Milliarden US-Dollar erreichen wird, bei einer durchschnittlichen j\u00e4hrlichen Wachstumsrate (CAGR) von 7,50 % im Zeitraum von 2022 bis 2027.<\/li><\/ul>\t\t\t\t\t\t\t\t<\/div>\n\t\t\t\t<\/div>\n\t\t\t\t<div class=\"elementor-element elementor-element-fd2b3dc elementor-widget elementor-widget-text-editor\" data-id=\"fd2b3dc\" data-element_type=\"widget\" data-e-type=\"widget\" data-widget_type=\"text-editor.default\">\n\t\t\t\t<div class=\"elementor-widget-container\">\n\t\t\t\t\t\t\t\t\t<ul><li>Nike, Inc.<\/li><li>Adidas AG<\/li><li>Spanx Inc.<\/li><li>Triumph International Corporation<\/li><li>Leonisa<\/li><li>Wacoal America, Inc.<\/li><li>Ann Chery<\/li><li>2XU Pty. Ltd.<\/li><li>Under Armour Inc.<\/li><li>Skins International Trading AG<\/li><\/ul>\t\t\t\t\t\t\t\t<\/div>\n\t\t\t\t<\/div>\n\t\t\t\t<\/div>\n\t\t<div class=\"elementor-element elementor-element-5c08023 e-con-full e-flex e-con e-child\" data-id=\"5c08023\" data-element_type=\"container\" data-e-type=\"container\">\n\t\t<div class=\"elementor-element elementor-element-0f1ea5e e-flex e-con-boxed e-con e-child\" data-id=\"0f1ea5e\" data-element_type=\"container\" data-e-type=\"container\">\n\t\t\t\t\t<div class=\"e-con-inner\">\n\t\t<div class=\"elementor-element elementor-element-72a414a e-flex e-con-boxed e-con e-child\" data-id=\"72a414a\" data-element_type=\"container\" data-e-type=\"container\" data-settings=\"{&quot;background_background&quot;:&quot;classic&quot;}\">\n\t\t\t\t\t<div class=\"e-con-inner\">\n\t\t\t\t<div class=\"elementor-element elementor-element-60055ac elementor-widget elementor-widget-heading\" data-id=\"60055ac\" data-element_type=\"widget\" data-e-type=\"widget\" data-widget_type=\"heading.default\">\n\t\t\t\t<div class=\"elementor-widget-container\">\n\t\t\t\t\t<h3 class=\"elementor-heading-title elementor-size-default\">Marktgr\u00f6\u00dfe und Wachstum<\/h3>\t\t\t\t<\/div>\n\t\t\t\t<\/div>\n\t\t\t\t\t<\/div>\n\t\t\t\t<\/div>\n\t\t<div class=\"elementor-element elementor-element-8ae17db e-flex e-con-boxed e-con e-child\" data-id=\"8ae17db\" data-element_type=\"container\" data-e-type=\"container\" data-settings=\"{&quot;background_background&quot;:&quot;classic&quot;}\">\n\t\t\t\t\t<div class=\"e-con-inner\">\n\t\t\t\t<div class=\"elementor-element elementor-element-ff672df elementor-widget elementor-widget-heading\" data-id=\"ff672df\" data-element_type=\"widget\" data-e-type=\"widget\" data-widget_type=\"heading.default\">\n\t\t\t\t<div class=\"elementor-widget-container\">\n\t\t\t\t\t<h3 class=\"elementor-heading-title elementor-size-default\">Kundensegmentierung<\/h3>\t\t\t\t<\/div>\n\t\t\t\t<\/div>\n\t\t\t\t\t<\/div>\n\t\t\t\t<\/div>\n\t\t\t\t\t<\/div>\n\t\t\t\t<\/div>\n\t\t<div class=\"elementor-element elementor-element-bc7bbe6 e-flex e-con-boxed e-con e-child\" data-id=\"bc7bbe6\" data-element_type=\"container\" data-e-type=\"container\">\n\t\t\t\t\t<div class=\"e-con-inner\">\n\t\t<div class=\"elementor-element elementor-element-f232427 e-flex e-con-boxed e-con e-child\" data-id=\"f232427\" data-element_type=\"container\" data-e-type=\"container\" data-settings=\"{&quot;background_background&quot;:&quot;classic&quot;}\">\n\t\t\t\t\t<div class=\"e-con-inner\">\n\t\t\t\t<div class=\"elementor-element elementor-element-ec3d8b4 elementor-widget elementor-widget-heading\" data-id=\"ec3d8b4\" data-element_type=\"widget\" data-e-type=\"widget\" data-widget_type=\"heading.default\">\n\t\t\t\t<div class=\"elementor-widget-container\">\n\t\t\t\t\t<h3 class=\"elementor-heading-title elementor-size-default\">Wettbewerbs-\nanalyse<\/h3>\t\t\t\t<\/div>\n\t\t\t\t<\/div>\n\t\t\t\t\t<\/div>\n\t\t\t\t<\/div>\n\t\t<div class=\"elementor-element elementor-element-2945646 e-flex e-con-boxed e-con e-child\" data-id=\"2945646\" data-element_type=\"container\" data-e-type=\"container\" data-settings=\"{&quot;background_background&quot;:&quot;classic&quot;}\">\n\t\t\t\t\t<div class=\"e-con-inner\">\n\t\t\t\t<div class=\"elementor-element elementor-element-d5fc742 elementor-widget elementor-widget-heading\" data-id=\"d5fc742\" data-element_type=\"widget\" data-e-type=\"widget\" data-widget_type=\"heading.default\">\n\t\t\t\t<div class=\"elementor-widget-container\">\n\t\t\t\t\t<h3 class=\"elementor-heading-title elementor-size-default\">Markttrend<\/h3>\t\t\t\t<\/div>\n\t\t\t\t<\/div>\n\t\t\t\t\t<\/div>\n\t\t\t\t<\/div>\n\t\t\t\t\t<\/div>\n\t\t\t\t<\/div>\n\t\t\t\t<\/div>\n\t\t<div class=\"elementor-element elementor-element-cdfd499 e-con-full e-flex e-con e-child\" data-id=\"cdfd499\" data-element_type=\"container\" data-e-type=\"container\">\n\t\t\t\t<div class=\"elementor-element elementor-element-973f5a1 elementor-widget elementor-widget-text-editor\" data-id=\"973f5a1\" data-element_type=\"widget\" data-e-type=\"widget\" data-widget_type=\"text-editor.default\">\n\t\t\t\t<div class=\"elementor-widget-container\">\n\t\t\t\t\t\t\t\t\t<ul><li>Das weibliche Segment machte 2020 den gr\u00f6\u00dften Umsatzanteil von 94,0 % aus und wird im Prognosezeitraum voraussichtlich um durchschnittlich 7,9 % pro Jahr wachsen.<\/li><\/ul>\t\t\t\t\t\t\t\t<\/div>\n\t\t\t\t<\/div>\n\t\t\t\t<div class=\"elementor-element elementor-element-3f00611 elementor-widget elementor-widget-text-editor\" data-id=\"3f00611\" data-element_type=\"widget\" data-e-type=\"widget\" data-widget_type=\"text-editor.default\">\n\t\t\t\t<div class=\"elementor-widget-container\">\n\t\t\t\t\t\t\t\t\t<ul><li><p>Zu den beliebtesten Kompressions-Kleidungsst\u00fccken geh\u00f6ren Hosen, T-Shirts, \u00c4rmel und Socken, w\u00e4hrend Taillengurte, Body-Suits und Slips in den Vereinigten Staaten beliebte Figurformungs-St\u00fccke sind.<\/p><\/li><\/ul>\t\t\t\t\t\t\t\t<\/div>\n\t\t\t\t<\/div>\n\t\t\t\t<div class=\"elementor-element elementor-element-4e078c4 elementor-widget elementor-widget-text-editor\" data-id=\"4e078c4\" data-element_type=\"widget\" data-e-type=\"widget\" data-widget_type=\"text-editor.default\">\n\t\t\t\t<div class=\"elementor-widget-container\">\n\t\t\t\t\t\t\t\t\t<ul><li><p>Sankom Schweiz hat eine exklusive Reihe von Shapewear mit Aloe Vera produziert, das antibakteriell ist und dem Shapewear eine beruhigende Wirkung auf den K\u00f6rper verleiht. Dar\u00fcber hinaus hat Skins International eine Linie von Kompressionsbekleidung eingef\u00fchrt, die mit einem Stoff versehen ist, der mit mehreren Feingarnen zu verbesserter Performance verzwirnt ist<\/p><\/li><\/ul>\t\t\t\t\t\t\t\t<\/div>\n\t\t\t\t<\/div>\n\t\t\t\t<\/div>\n\t\t\t\t\t<\/div>\n\t\t\t\t<\/div>\n\t\t<div class=\"elementor-element elementor-element-201ef56 elementor-hidden-desktop elementor-hidden-tablet e-flex e-con-boxed e-con e-parent\" data-id=\"201ef56\" data-element_type=\"container\" data-e-type=\"container\">\n\t\t\t\t\t<div class=\"e-con-inner\">\n\t\t<div class=\"elementor-element elementor-element-50e3d4f e-con-full e-flex e-con e-child\" data-id=\"50e3d4f\" data-element_type=\"container\" data-e-type=\"container\">\n\t\t<div class=\"elementor-element elementor-element-b2c9cd3 e-flex e-con-boxed e-con e-child\" data-id=\"b2c9cd3\" data-element_type=\"container\" data-e-type=\"container\" data-settings=\"{&quot;background_background&quot;:&quot;classic&quot;}\">\n\t\t\t\t\t<div class=\"e-con-inner\">\n\t\t\t\t<div class=\"elementor-element elementor-element-3bdf11c elementor-widget elementor-widget-heading\" data-id=\"3bdf11c\" data-element_type=\"widget\" data-e-type=\"widget\" data-widget_type=\"heading.default\">\n\t\t\t\t<div class=\"elementor-widget-container\">\n\t\t\t\t\t<h3 class=\"elementor-heading-title elementor-size-default\">Marktgr\u00f6\u00dfe und Wachstum<\/h3>\t\t\t\t<\/div>\n\t\t\t\t<\/div>\n\t\t\t\t\t<\/div>\n\t\t\t\t<\/div>\n\t\t\t\t<\/div>\n\t\t<div class=\"elementor-element elementor-element-11b498c e-con-full e-flex e-con e-child\" data-id=\"11b498c\" data-element_type=\"container\" data-e-type=\"container\">\n\t\t\t\t<div class=\"elementor-element elementor-element-15616c7 elementor-widget elementor-widget-text-editor\" data-id=\"15616c7\" data-element_type=\"widget\" data-e-type=\"widget\" data-widget_type=\"text-editor.default\">\n\t\t\t\t<div class=\"elementor-widget-container\">\n\t\t\t\t\t\t\t\t\t<ul><li>Der globale Markt f\u00fcr Kompressions- und figurformende Kleidung erreichte 2021 einen Wert von 14,19 Milliarden US-Dollar. Zukunftsgerichtet erwartet der Herausgeber, dass der Markt bis 2027 einen Wert von 22,27 Milliarden US-Dollar erreichen wird, bei einer durchschnittlichen j\u00e4hrlichen Wachstumsrate (CAGR) von 7,50 % im Zeitraum von 2022 bis 2027.<\/li><\/ul>\t\t\t\t\t\t\t\t<\/div>\n\t\t\t\t<\/div>\n\t\t\t\t<\/div>\n\t\t<div class=\"elementor-element elementor-element-1976deb e-con-full e-flex e-con e-child\" data-id=\"1976deb\" data-element_type=\"container\" data-e-type=\"container\">\n\t\t<div class=\"elementor-element elementor-element-47a2869 e-flex e-con-boxed e-con e-child\" data-id=\"47a2869\" data-element_type=\"container\" data-e-type=\"container\" data-settings=\"{&quot;background_background&quot;:&quot;classic&quot;}\">\n\t\t\t\t\t<div class=\"e-con-inner\">\n\t\t\t\t<div class=\"elementor-element elementor-element-c78cac7 elementor-widget elementor-widget-heading\" data-id=\"c78cac7\" data-element_type=\"widget\" data-e-type=\"widget\" data-widget_type=\"heading.default\">\n\t\t\t\t<div class=\"elementor-widget-container\">\n\t\t\t\t\t<h3 class=\"elementor-heading-title elementor-size-default\">Kundensegmentierung<\/h3>\t\t\t\t<\/div>\n\t\t\t\t<\/div>\n\t\t\t\t\t<\/div>\n\t\t\t\t<\/div>\n\t\t\t\t<\/div>\n\t\t<div class=\"elementor-element elementor-element-d6472fb e-con-full e-flex e-con e-child\" data-id=\"d6472fb\" data-element_type=\"container\" data-e-type=\"container\">\n\t\t\t\t<div class=\"elementor-element elementor-element-c87e097 elementor-widget elementor-widget-text-editor\" data-id=\"c87e097\" data-element_type=\"widget\" data-e-type=\"widget\" data-widget_type=\"text-editor.default\">\n\t\t\t\t<div class=\"elementor-widget-container\">\n\t\t\t\t\t\t\t\t\t<ul><li>Das weibliche Segment machte 2020 den gr\u00f6\u00dften Umsatzanteil von 94,0 % aus und wird im Prognosezeitraum voraussichtlich um durchschnittlich 7,9 % pro Jahr wachsen.<\/li><\/ul>\t\t\t\t\t\t\t\t<\/div>\n\t\t\t\t<\/div>\n\t\t\t\t<\/div>\n\t\t\t\t\t<\/div>\n\t\t\t\t<\/div>\n\t\t<div class=\"elementor-element elementor-element-29eacb5 elementor-hidden-desktop elementor-hidden-tablet e-flex e-con-boxed e-con e-parent\" data-id=\"29eacb5\" data-element_type=\"container\" data-e-type=\"container\">\n\t\t\t\t\t<div class=\"e-con-inner\">\n\t\t<div class=\"elementor-element elementor-element-4fd395d e-con-full e-flex e-con e-child\" data-id=\"4fd395d\" data-element_type=\"container\" data-e-type=\"container\">\n\t\t<div class=\"elementor-element elementor-element-7740d1f e-flex e-con-boxed e-con e-child\" data-id=\"7740d1f\" data-element_type=\"container\" data-e-type=\"container\" data-settings=\"{&quot;background_background&quot;:&quot;classic&quot;}\">\n\t\t\t\t\t<div class=\"e-con-inner\">\n\t\t\t\t<div class=\"elementor-element elementor-element-b2d0cb1 elementor-widget elementor-widget-heading\" data-id=\"b2d0cb1\" data-element_type=\"widget\" data-e-type=\"widget\" data-widget_type=\"heading.default\">\n\t\t\t\t<div class=\"elementor-widget-container\">\n\t\t\t\t\t<h3 class=\"elementor-heading-title elementor-size-default\">Wettbewerbs-\nanalyse<\/h3>\t\t\t\t<\/div>\n\t\t\t\t<\/div>\n\t\t\t\t\t<\/div>\n\t\t\t\t<\/div>\n\t\t\t\t<\/div>\n\t\t<div class=\"elementor-element elementor-element-3a4310b e-con-full e-flex e-con e-child\" data-id=\"3a4310b\" data-element_type=\"container\" data-e-type=\"container\">\n\t\t\t\t<div class=\"elementor-element elementor-element-d98ba5b elementor-widget elementor-widget-text-editor\" data-id=\"d98ba5b\" data-element_type=\"widget\" data-e-type=\"widget\" data-widget_type=\"text-editor.default\">\n\t\t\t\t<div class=\"elementor-widget-container\">\n\t\t\t\t\t\t\t\t\t<ul><li>Nike, Inc.<\/li><li>Adidas AG<\/li><li>Spanx Inc.<\/li><li>Triumph International Corporation<\/li><li>Leonisa<\/li><li>Wacoal America, Inc.<\/li><li>Ann Chery<\/li><li>2XU Pty. Ltd.<\/li><li>Under Armour Inc.<\/li><li>Skins International Trading AG<\/li><\/ul>\t\t\t\t\t\t\t\t<\/div>\n\t\t\t\t<\/div>\n\t\t\t\t<\/div>\n\t\t<div class=\"elementor-element elementor-element-91f2afc e-con-full e-flex e-con e-child\" data-id=\"91f2afc\" data-element_type=\"container\" data-e-type=\"container\">\n\t\t<div class=\"elementor-element elementor-element-36559de e-flex e-con-boxed e-con e-child\" data-id=\"36559de\" data-element_type=\"container\" data-e-type=\"container\" data-settings=\"{&quot;background_background&quot;:&quot;classic&quot;}\">\n\t\t\t\t\t<div class=\"e-con-inner\">\n\t\t\t\t<div class=\"elementor-element elementor-element-e2cc3cc elementor-widget elementor-widget-heading\" data-id=\"e2cc3cc\" data-element_type=\"widget\" data-e-type=\"widget\" data-widget_type=\"heading.default\">\n\t\t\t\t<div class=\"elementor-widget-container\">\n\t\t\t\t\t<h3 class=\"elementor-heading-title elementor-size-default\">Markttrend<\/h3>\t\t\t\t<\/div>\n\t\t\t\t<\/div>\n\t\t\t\t\t<\/div>\n\t\t\t\t<\/div>\n\t\t\t\t<\/div>\n\t\t<div class=\"elementor-element elementor-element-2aa7710 e-con-full e-flex e-con e-child\" data-id=\"2aa7710\" data-element_type=\"container\" data-e-type=\"container\">\n\t\t\t\t<div class=\"elementor-element elementor-element-9bc7cd8 elementor-widget elementor-widget-text-editor\" data-id=\"9bc7cd8\" data-element_type=\"widget\" data-e-type=\"widget\" data-widget_type=\"text-editor.default\">\n\t\t\t\t<div class=\"elementor-widget-container\">\n\t\t\t\t\t\t\t\t\t<ul><li><p>Zu den beliebtesten Kompressions-Kleidungsst\u00fccken geh\u00f6ren Hosen, T-Shirts, \u00c4rmel und Socken, w\u00e4hrend Taillengurte, Body-Suits und Slips in den Vereinigten Staaten beliebte Figurformungs-St\u00fccke sind.<\/p><\/li><li>Sankom Schweiz hat eine exklusive Reihe von Shapewear mit Aloe Vera produziert, das antibakteriell ist und dem Shapewear eine beruhigende Wirkung auf den K\u00f6rper verleiht. Dar\u00fcber hinaus hat Skins International eine Linie von Kompressionsbekleidung eingef\u00fchrt, die mit einem Stoff versehen ist, der mit mehreren Feingarnen zu verbesserter Performance verzwirnt ist<\/li><\/ul>\t\t\t\t\t\t\t\t<\/div>\n\t\t\t\t<\/div>\n\t\t\t\t<\/div>\n\t\t\t\t\t<\/div>\n\t\t\t\t<\/div>\n\t\t\t\t<\/div>","protected":false},"excerpt":{"rendered":"<p>Background of Shapewear 16th Century Very tight Strong emphasis on female curves Developments in the 18th and Early 19th Centuries Very difficult to bend over The main function becomes to support the chest Modern Times Postpartum Repair More focus on comfort and support Shapewear is Prosperous The global compression wear and\u00a0shapewear market reached a value\u00a0of [&hellip;]<\/p>\n","protected":false},"author":1,"featured_media":0,"parent":0,"menu_order":0,"comment_status":"closed","ping_status":"closed","template":"","meta":{"_acf_changed":false,"footnotes":""},"class_list":["post-2920","page","type-page","status-publish","hentry"],"blocksy_meta":[],"acf":[],"_links":{"self":[{"href":"https:\/\/s-shaper.com\/de\/wp-json\/wp\/v2\/pages\/2920","targetHints":{"allow":["GET"]}}],"collection":[{"href":"https:\/\/s-shaper.com\/de\/wp-json\/wp\/v2\/pages"}],"about":[{"href":"https:\/\/s-shaper.com\/de\/wp-json\/wp\/v2\/types\/page"}],"author":[{"embeddable":true,"href":"https:\/\/s-shaper.com\/de\/wp-json\/wp\/v2\/users\/1"}],"replies":[{"embeddable":true,"href":"https:\/\/s-shaper.com\/de\/wp-json\/wp\/v2\/comments?post=2920"}],"version-history":[{"count":16,"href":"https:\/\/s-shaper.com\/de\/wp-json\/wp\/v2\/pages\/2920\/revisions"}],"predecessor-version":[{"id":5484,"href":"https:\/\/s-shaper.com\/de\/wp-json\/wp\/v2\/pages\/2920\/revisions\/5484"}],"wp:attachment":[{"href":"https:\/\/s-shaper.com\/de\/wp-json\/wp\/v2\/media?parent=2920"}],"curies":[{"name":"wp","href":"https:\/\/api.w.org\/{rel}","templated":true}]}}